{"id":832,"date":"2022-08-01T02:46:11","date_gmt":"2022-08-01T05:46:11","guid":{"rendered":"https:\/\/www.adex.com.br\/site\/?page_id=832"},"modified":"2022-08-01T02:47:42","modified_gmt":"2022-08-01T05:47:42","slug":"impressoes-uv","status":"publish","type":"page","link":"https:\/\/www.adex.com.br\/site\/impressoes-uv\/","title":{"rendered":"impressoes-uv"},"content":{"rendered":"\t\t<div data-elementor-type=\"wp-page\" data-elementor-id=\"832\" class=\"elementor elementor-832\">\n\t\t\t\t\t\t\t<div class=\"elementor-element elementor-element-0c066c8 e-container--row e-container\" data-id=\"0c066c8\" data-element_type=\"container\">\t\t<div class=\"elementor-element elementor-element-970eb0f e-container--row e-container\" data-id=\"970eb0f\" data-element_type=\"container\">\t\t<div class=\"elementor-element elementor-element-f896551 e-container--row e-container\" data-id=\"f896551\" data-element_type=\"container\">\t\t<div class=\"elementor-element elementor-element-5d422a6 e-container--row e-container\" data-id=\"5d422a6\" data-element_type=\"container\">\t\t<div class=\"elementor-element elementor-element-b484e02 e-container--column e-container\" data-id=\"b484e02\" data-element_type=\"container\">\t\t\t\t<div class=\"elementor-element elementor-element-6a2c350 elementor-widget elementor-widget-image\" data-id=\"6a2c350\" data-element_type=\"widget\" data-widget_type=\"image.default\">\n\t\t\t\t<div class=\"elementor-widget-container\">\n\t\t\t<style>\/*! elementor - v3.7.1 - 14-08-2022 *\/\n.elementor-widget-image{text-align:center}.elementor-widget-image a{display:inline-block}.elementor-widget-image a img[src$=\".svg\"]{width:48px}.elementor-widget-image img{vertical-align:middle;display:inline-block}<\/style>\t\t\t\t\t\t\t\t\t\t\t\t<img loading=\"lazy\" decoding=\"async\" width=\"535\" height=\"577\" src=\"https:\/\/www.adex.com.br\/site\/wp-content\/uploads\/2022\/07\/produto_imagem-535x577-1.png\" class=\"attachment-large size-large\" alt=\"Tintas industriais adex\" srcset=\"https:\/\/www.adex.com.br\/site\/wp-content\/uploads\/2022\/07\/produto_imagem-535x577-1.png 535w, https:\/\/www.adex.com.br\/site\/wp-content\/uploads\/2022\/07\/produto_imagem-535x577-1-278x300.png 278w\" sizes=\"auto, (max-width: 535px) 100vw, 535px\" style=\"width:100%;height:107.85%;max-width:535px\" \/>\t\t\t\t\t\t\t\t\t\t\t\t\t\t\t<\/div>\n\t\t\t\t<\/div>\n\t\t<\/div><div class=\"elementor-element elementor-element-df56200 e-container--column e-container\" data-id=\"df56200\" data-element_type=\"container\">\t\t\t\t<div class=\"elementor-element elementor-element-5a1579d elementor-widget elementor-widget-heading\" data-id=\"5a1579d\" data-element_type=\"widget\" data-widget_type=\"heading.default\">\n\t\t\t\t<div class=\"elementor-widget-container\">\n\t\t\t<style>\/*! elementor - v3.7.1 - 14-08-2022 *\/\n.elementor-heading-title{padding:0;margin:0;line-height:1}.elementor-widget-heading .elementor-heading-title[class*=elementor-size-]>a{color:inherit;font-size:inherit;line-height:inherit}.elementor-widget-heading .elementor-heading-title.elementor-size-small{font-size:15px}.elementor-widget-heading .elementor-heading-title.elementor-size-medium{font-size:19px}.elementor-widget-heading .elementor-heading-title.elementor-size-large{font-size:29px}.elementor-widget-heading .elementor-heading-title.elementor-size-xl{font-size:39px}.elementor-widget-heading .elementor-heading-title.elementor-size-xxl{font-size:59px}<\/style><h2 class=\"elementor-heading-title elementor-size-default\">IMPRESS\u00d5ES UV<\/h2>\t\t<\/div>\n\t\t\t\t<\/div>\n\t\t\t\t<div class=\"elementor-element elementor-element-f4e082e elementor-widget elementor-widget-text-editor\" data-id=\"f4e082e\" data-element_type=\"widget\" data-widget_type=\"text-editor.default\">\n\t\t\t\t<div class=\"elementor-widget-container\">\n\t\t\t<style>\/*! elementor - v3.7.1 - 14-08-2022 *\/\n.elementor-widget-text-editor.elementor-drop-cap-view-stacked .elementor-drop-cap{background-color:#818a91;color:#fff}.elementor-widget-text-editor.elementor-drop-cap-view-framed .elementor-drop-cap{color:#818a91;border:3px solid;background-color:transparent}.elementor-widget-text-editor:not(.elementor-drop-cap-view-default) .elementor-drop-cap{margin-top:8px}.elementor-widget-text-editor:not(.elementor-drop-cap-view-default) .elementor-drop-cap-letter{width:1em;height:1em}.elementor-widget-text-editor .elementor-drop-cap{float:left;text-align:center;line-height:1;font-size:50px}.elementor-widget-text-editor .elementor-drop-cap-letter{display:inline-block}<\/style>\t\t\t\t<p>&#8211; Imprime o veio de impress\u00e3o desenhado no rolo, onde utiliza luzes ultra-violeta para curar;<\/p><p>&#8211; Estabilidade durante uso;<\/p><p>&#8211; Aplica\u00e7\u00e3o \u00e0 rolo.<\/p>\t\t\t\t\t\t<\/div>\n\t\t\t\t<\/div>\n\t\t\t\t<div class=\"elementor-element elementor-element-1fa64d6 elementor-align-left elementor-widget elementor-widget-button\" data-id=\"1fa64d6\" data-element_type=\"widget\" data-widget_type=\"button.default\">\n\t\t\t\t<div class=\"elementor-widget-container\">\n\t\t\t\t\t<div class=\"elementor-button-wrapper\">\n\t\t\t<a href=\"https:\/\/www.adex.com.br\/site\/ficha-tecnica\/\" class=\"elementor-button-link elementor-button elementor-size-sm\" role=\"button\">\n\t\t\t\t\t\t<span class=\"elementor-button-content-wrapper\">\n\t\t\t\t\t\t<span class=\"elementor-button-text\">SOLICITE A FICHA T\u00c9CNICA<\/span>\n\t\t<\/span>\n\t\t\t\t\t<\/a>\n\t\t<\/div>\n\t\t\t\t<\/div>\n\t\t\t\t<\/div>\n\t\t\t\t<div class=\"elementor-element elementor-element-cd96c24 elementor-icon-list--layout-traditional elementor-list-item-link-full_width elementor-widget elementor-widget-icon-list\" data-id=\"cd96c24\" data-element_type=\"widget\" data-widget_type=\"icon-list.default\">\n\t\t\t\t<div class=\"elementor-widget-container\">\n\t\t\t<link rel=\"stylesheet\" href=\"https:\/\/www.adex.com.br\/site\/wp-content\/plugins\/elementor\/assets\/css\/widget-icon-list.min.css\">\t\t<ul class=\"elementor-icon-list-items\">\n\t\t\t\t\t\t\t<li class=\"elementor-icon-list-item\">\n\t\t\t\t\t\t\t\t\t\t\t<span class=\"elementor-icon-list-icon\">\n\t\t\t\t\t\t\t<i aria-hidden=\"true\" class=\"fas fa-pen-alt\"><\/i>\t\t\t\t\t\t<\/span>\n\t\t\t\t\t\t\t\t\t\t<span class=\"elementor-icon-list-text\">Categorias:<\/span>\n\t\t\t\t\t\t\t\t\t<\/li>\n\t\t\t\t\t\t<\/ul>\n\t\t\t\t<\/div>\n\t\t\t\t<\/div>\n\t\t\t\t<div class=\"elementor-element elementor-element-cec0263 elementor-widget elementor-widget-text-editor\" data-id=\"cec0263\" data-element_type=\"widget\" data-widget_type=\"text-editor.default\">\n\t\t\t\t<div class=\"elementor-widget-container\">\n\t\t\t\t\t\t\t<p>MOVELEIRA\u00a0<\/p>\t\t\t\t\t\t<\/div>\n\t\t\t\t<\/div>\n\t\t<\/div><\/div><\/div><\/div><\/div>\t\t\t\t\t<\/div>\n\t\t","protected":false},"excerpt":{"rendered":"<p>IMPRESS\u00d5ES UV &#8211; Imprime o veio de impress\u00e3o desenhado no rolo, onde utiliza luzes ultra-violeta para curar; &#8211; Estabilidade durante uso; &#8211; Aplica\u00e7\u00e3o \u00e0 rolo. SOLICITE A FICHA T\u00c9CNICA Categorias: MOVELEIRA\u00a0<\/p>\n","protected":false},"author":1,"featured_media":0,"parent":0,"menu_order":0,"comment_status":"closed","ping_status":"closed","template":"elementor_header_footer","meta":{"footnotes":""},"class_list":["post-832","page","type-page","status-publish","hentry","entry"],"_links":{"self":[{"href":"https:\/\/www.adex.com.br\/site\/wp-json\/wp\/v2\/pages\/832","targetHints":{"allow":["GET"]}}],"collection":[{"href":"https:\/\/www.adex.com.br\/site\/wp-json\/wp\/v2\/pages"}],"about":[{"href":"https:\/\/www.adex.com.br\/site\/wp-json\/wp\/v2\/types\/page"}],"author":[{"embeddable":true,"href":"https:\/\/www.adex.com.br\/site\/wp-json\/wp\/v2\/users\/1"}],"replies":[{"embeddable":true,"href":"https:\/\/www.adex.com.br\/site\/wp-json\/wp\/v2\/comments?post=832"}],"version-history":[{"count":4,"href":"https:\/\/www.adex.com.br\/site\/wp-json\/wp\/v2\/pages\/832\/revisions"}],"predecessor-version":[{"id":836,"href":"https:\/\/www.adex.com.br\/site\/wp-json\/wp\/v2\/pages\/832\/revisions\/836"}],"wp:attachment":[{"href":"https:\/\/www.adex.com.br\/site\/wp-json\/wp\/v2\/media?parent=832"}],"curies":[{"name":"wp","href":"https:\/\/api.w.org\/{rel}","templated":true}]}}