{"id":787,"date":"2022-08-01T02:27:09","date_gmt":"2022-08-01T05:27:09","guid":{"rendered":"https:\/\/www.adex.com.br\/site\/?page_id=787"},"modified":"2022-08-01T02:31:57","modified_gmt":"2022-08-01T05:31:57","slug":"acabamento-sintetico-dupla-funcao","status":"publish","type":"page","link":"https:\/\/www.adex.com.br\/site\/acabamento-sintetico-dupla-funcao\/","title":{"rendered":"acabamento-sintetico-dupla-funcao"},"content":{"rendered":"\t\t<div data-elementor-type=\"wp-page\" data-elementor-id=\"787\" class=\"elementor elementor-787\">\n\t\t\t\t\t\t\t<div class=\"elementor-element elementor-element-0b9a0b0 e-container--row e-container\" data-id=\"0b9a0b0\" data-element_type=\"container\">\t\t<div class=\"elementor-element elementor-element-de511d3 e-container--row e-container\" data-id=\"de511d3\" data-element_type=\"container\">\t\t<div class=\"elementor-element elementor-element-0a20b53 e-container--row e-container\" data-id=\"0a20b53\" data-element_type=\"container\">\t\t<div class=\"elementor-element elementor-element-c2954e2 e-container--column e-container\" data-id=\"c2954e2\" data-element_type=\"container\">\t\t\t\t<div class=\"elementor-element elementor-element-20deafd elementor-widget elementor-widget-image\" data-id=\"20deafd\" data-element_type=\"widget\" data-widget_type=\"image.default\">\n\t\t\t\t<div class=\"elementor-widget-container\">\n\t\t\t<style>\/*! elementor - v3.7.1 - 14-08-2022 *\/\n.elementor-widget-image{text-align:center}.elementor-widget-image a{display:inline-block}.elementor-widget-image a img[src$=\".svg\"]{width:48px}.elementor-widget-image img{vertical-align:middle;display:inline-block}<\/style>\t\t\t\t\t\t\t\t\t\t\t\t<img loading=\"lazy\" decoding=\"async\" width=\"535\" height=\"577\" src=\"https:\/\/www.adex.com.br\/site\/wp-content\/uploads\/2022\/07\/produto_imagem-535x577-1.png\" class=\"attachment-large size-large\" alt=\"Tintas industriais adex\" srcset=\"https:\/\/www.adex.com.br\/site\/wp-content\/uploads\/2022\/07\/produto_imagem-535x577-1.png 535w, https:\/\/www.adex.com.br\/site\/wp-content\/uploads\/2022\/07\/produto_imagem-535x577-1-278x300.png 278w\" sizes=\"auto, (max-width: 535px) 100vw, 535px\" style=\"width:100%;height:107.85%;max-width:535px\" \/>\t\t\t\t\t\t\t\t\t\t\t\t\t\t\t<\/div>\n\t\t\t\t<\/div>\n\t\t<\/div><div class=\"elementor-element elementor-element-31d68da e-container--column e-container\" data-id=\"31d68da\" data-element_type=\"container\">\t\t\t\t<div class=\"elementor-element elementor-element-ae5de97 elementor-widget elementor-widget-heading\" data-id=\"ae5de97\" data-element_type=\"widget\" data-widget_type=\"heading.default\">\n\t\t\t\t<div class=\"elementor-widget-container\">\n\t\t\t<style>\/*! elementor - v3.7.1 - 14-08-2022 *\/\n.elementor-heading-title{padding:0;margin:0;line-height:1}.elementor-widget-heading .elementor-heading-title[class*=elementor-size-]>a{color:inherit;font-size:inherit;line-height:inherit}.elementor-widget-heading .elementor-heading-title.elementor-size-small{font-size:15px}.elementor-widget-heading .elementor-heading-title.elementor-size-medium{font-size:19px}.elementor-widget-heading .elementor-heading-title.elementor-size-large{font-size:29px}.elementor-widget-heading .elementor-heading-title.elementor-size-xl{font-size:39px}.elementor-widget-heading .elementor-heading-title.elementor-size-xxl{font-size:59px}<\/style><h2 class=\"elementor-heading-title elementor-size-default\">ACABAMENTO SINT\u00c9TICO DUPLA FUN\u00c7\u00c3O<\/h2>\t\t<\/div>\n\t\t\t\t<\/div>\n\t\t\t\t<div class=\"elementor-element elementor-element-1abd450 elementor-widget elementor-widget-text-editor\" data-id=\"1abd450\" data-element_type=\"widget\" data-widget_type=\"text-editor.default\">\n\t\t\t\t<div class=\"elementor-widget-container\">\n\t\t\t<style>\/*! elementor - v3.7.1 - 14-08-2022 *\/\n.elementor-widget-text-editor.elementor-drop-cap-view-stacked .elementor-drop-cap{background-color:#818a91;color:#fff}.elementor-widget-text-editor.elementor-drop-cap-view-framed .elementor-drop-cap{color:#818a91;border:3px solid;background-color:transparent}.elementor-widget-text-editor:not(.elementor-drop-cap-view-default) .elementor-drop-cap{margin-top:8px}.elementor-widget-text-editor:not(.elementor-drop-cap-view-default) .elementor-drop-cap-letter{width:1em;height:1em}.elementor-widget-text-editor .elementor-drop-cap{float:left;text-align:center;line-height:1;font-size:50px}.elementor-widget-text-editor .elementor-drop-cap-letter{display:inline-block}<\/style>\t\t\t\t<p>&#8211; Produto de alto desempenho;<\/p>\n<p>&#8211; F\u00e1cil aplica\u00e7\u00e3o;<\/p>\n<p>&#8211; Secagem r\u00e1pida;<\/p>\n<p>&#8211; Indicado para superf\u00edcies de metal, portas, port\u00f5es, janelas, implementos agr\u00edcolas, m\u00e1quinas industriais;<\/p>\n<p>&#8211; Pode ser aplicado direto no metal;<\/p>\n<p>&#8211; Acabamento fosco, semibrilho e brilhante.<\/p>\t\t\t\t\t\t<\/div>\n\t\t\t\t<\/div>\n\t\t\t\t<div class=\"elementor-element elementor-element-7942b39 elementor-align-left elementor-widget elementor-widget-button\" data-id=\"7942b39\" data-element_type=\"widget\" data-widget_type=\"button.default\">\n\t\t\t\t<div class=\"elementor-widget-container\">\n\t\t\t\t\t<div class=\"elementor-button-wrapper\">\n\t\t\t<a href=\"https:\/\/www.adex.com.br\/site\/ficha-tecnica\/\" class=\"elementor-button-link elementor-button elementor-size-sm\" role=\"button\">\n\t\t\t\t\t\t<span class=\"elementor-button-content-wrapper\">\n\t\t\t\t\t\t<span class=\"elementor-button-text\">SOLICITE A FICHA T\u00c9CNICA<\/span>\n\t\t<\/span>\n\t\t\t\t\t<\/a>\n\t\t<\/div>\n\t\t\t\t<\/div>\n\t\t\t\t<\/div>\n\t\t\t\t<div class=\"elementor-element elementor-element-233a668 elementor-icon-list--layout-traditional elementor-list-item-link-full_width elementor-widget elementor-widget-icon-list\" data-id=\"233a668\" data-element_type=\"widget\" data-widget_type=\"icon-list.default\">\n\t\t\t\t<div class=\"elementor-widget-container\">\n\t\t\t<link rel=\"stylesheet\" href=\"https:\/\/www.adex.com.br\/site\/wp-content\/plugins\/elementor\/assets\/css\/widget-icon-list.min.css\">\t\t<ul class=\"elementor-icon-list-items\">\n\t\t\t\t\t\t\t<li class=\"elementor-icon-list-item\">\n\t\t\t\t\t\t\t\t\t\t\t<span class=\"elementor-icon-list-icon\">\n\t\t\t\t\t\t\t<i aria-hidden=\"true\" class=\"fas fa-pen-alt\"><\/i>\t\t\t\t\t\t<\/span>\n\t\t\t\t\t\t\t\t\t\t<span class=\"elementor-icon-list-text\">Categorias:<\/span>\n\t\t\t\t\t\t\t\t\t<\/li>\n\t\t\t\t\t\t<\/ul>\n\t\t\t\t<\/div>\n\t\t\t\t<\/div>\n\t\t\t\t<div class=\"elementor-element elementor-element-ded5db0 elementor-widget elementor-widget-text-editor\" data-id=\"ded5db0\" data-element_type=\"widget\" data-widget_type=\"text-editor.default\">\n\t\t\t\t<div class=\"elementor-widget-container\">\n\t\t\t\t\t\t\t<p>AGROIND\u00daSTRIA, METAL MEC\u00c2NICA<\/p>\t\t\t\t\t\t<\/div>\n\t\t\t\t<\/div>\n\t\t<\/div><\/div><\/div><\/div>\t\t\t\t\t<\/div>\n\t\t","protected":false},"excerpt":{"rendered":"<p>ACABAMENTO SINT\u00c9TICO DUPLA FUN\u00c7\u00c3O &#8211; Produto de alto desempenho; &#8211; F\u00e1cil aplica\u00e7\u00e3o; &#8211; Secagem r\u00e1pida; &#8211; Indicado para superf\u00edcies de metal, portas, port\u00f5es, janelas, implementos agr\u00edcolas, m\u00e1quinas industriais; &#8211; Pode ser aplicado direto no metal; &#8211; Acabamento fosco, semibrilho e brilhante. SOLICITE A FICHA T\u00c9CNICA Categorias: AGROIND\u00daSTRIA, METAL MEC\u00c2NICA<\/p>\n","protected":false},"author":1,"featured_media":0,"parent":0,"menu_order":0,"comment_status":"closed","ping_status":"closed","template":"elementor_header_footer","meta":{"footnotes":""},"class_list":["post-787","page","type-page","status-publish","hentry","entry"],"_links":{"self":[{"href":"https:\/\/www.adex.com.br\/site\/wp-json\/wp\/v2\/pages\/787","targetHints":{"allow":["GET"]}}],"collection":[{"href":"https:\/\/www.adex.com.br\/site\/wp-json\/wp\/v2\/pages"}],"about":[{"href":"https:\/\/www.adex.com.br\/site\/wp-json\/wp\/v2\/types\/page"}],"author":[{"embeddable":true,"href":"https:\/\/www.adex.com.br\/site\/wp-json\/wp\/v2\/users\/1"}],"replies":[{"embeddable":true,"href":"https:\/\/www.adex.com.br\/site\/wp-json\/wp\/v2\/comments?post=787"}],"version-history":[{"count":10,"href":"https:\/\/www.adex.com.br\/site\/wp-json\/wp\/v2\/pages\/787\/revisions"}],"predecessor-version":[{"id":802,"href":"https:\/\/www.adex.com.br\/site\/wp-json\/wp\/v2\/pages\/787\/revisions\/802"}],"wp:attachment":[{"href":"https:\/\/www.adex.com.br\/site\/wp-json\/wp\/v2\/media?parent=787"}],"curies":[{"name":"wp","href":"https:\/\/api.w.org\/{rel}","templated":true}]}}