{"id":743,"date":"2022-08-01T02:07:35","date_gmt":"2022-08-01T05:07:35","guid":{"rendered":"https:\/\/www.adex.com.br\/site\/?page_id=743"},"modified":"2022-08-01T02:11:50","modified_gmt":"2022-08-01T05:11:50","slug":"acabamento-pu-texturizado","status":"publish","type":"page","link":"https:\/\/www.adex.com.br\/site\/acabamento-pu-texturizado\/","title":{"rendered":"acabamento-pu-texturizado"},"content":{"rendered":"\t\t<div data-elementor-type=\"wp-page\" data-elementor-id=\"743\" class=\"elementor elementor-743\">\n\t\t\t\t\t\t\t<div class=\"elementor-element elementor-element-844a89f e-container--row e-container\" data-id=\"844a89f\" data-element_type=\"container\">\t\t<div class=\"elementor-element elementor-element-3c9d6e0 e-container--row e-container\" data-id=\"3c9d6e0\" data-element_type=\"container\">\t\t<div class=\"elementor-element elementor-element-ba1c567 e-container--row e-container\" data-id=\"ba1c567\" data-element_type=\"container\">\t\t<div class=\"elementor-element elementor-element-dc6e36b e-container--column e-container\" data-id=\"dc6e36b\" data-element_type=\"container\">\t\t\t\t<div class=\"elementor-element elementor-element-ee928b1 elementor-widget elementor-widget-image\" data-id=\"ee928b1\" data-element_type=\"widget\" data-widget_type=\"image.default\">\n\t\t\t\t<div class=\"elementor-widget-container\">\n\t\t\t<style>\/*! elementor - v3.7.1 - 14-08-2022 *\/\n.elementor-widget-image{text-align:center}.elementor-widget-image a{display:inline-block}.elementor-widget-image a img[src$=\".svg\"]{width:48px}.elementor-widget-image img{vertical-align:middle;display:inline-block}<\/style>\t\t\t\t\t\t\t\t\t\t\t\t<img loading=\"lazy\" decoding=\"async\" width=\"535\" height=\"577\" src=\"https:\/\/www.adex.com.br\/site\/wp-content\/uploads\/2022\/07\/produto_imagem-535x577-1.png\" class=\"attachment-large size-large\" alt=\"Tintas industriais adex\" srcset=\"https:\/\/www.adex.com.br\/site\/wp-content\/uploads\/2022\/07\/produto_imagem-535x577-1.png 535w, https:\/\/www.adex.com.br\/site\/wp-content\/uploads\/2022\/07\/produto_imagem-535x577-1-278x300.png 278w\" sizes=\"auto, (max-width: 535px) 100vw, 535px\" style=\"width:100%;height:107.85%;max-width:535px\" \/>\t\t\t\t\t\t\t\t\t\t\t\t\t\t\t<\/div>\n\t\t\t\t<\/div>\n\t\t<\/div><div class=\"elementor-element elementor-element-7681188 e-container--column e-container\" data-id=\"7681188\" data-element_type=\"container\">\t\t\t\t<div class=\"elementor-element elementor-element-27087b7 elementor-widget elementor-widget-heading\" data-id=\"27087b7\" data-element_type=\"widget\" data-widget_type=\"heading.default\">\n\t\t\t\t<div class=\"elementor-widget-container\">\n\t\t\t<style>\/*! elementor - v3.7.1 - 14-08-2022 *\/\n.elementor-heading-title{padding:0;margin:0;line-height:1}.elementor-widget-heading .elementor-heading-title[class*=elementor-size-]>a{color:inherit;font-size:inherit;line-height:inherit}.elementor-widget-heading .elementor-heading-title.elementor-size-small{font-size:15px}.elementor-widget-heading .elementor-heading-title.elementor-size-medium{font-size:19px}.elementor-widget-heading .elementor-heading-title.elementor-size-large{font-size:29px}.elementor-widget-heading .elementor-heading-title.elementor-size-xl{font-size:39px}.elementor-widget-heading .elementor-heading-title.elementor-size-xxl{font-size:59px}<\/style><h2 class=\"elementor-heading-title elementor-size-default\">ACABAMENTO PU TEXTURIZADO<\/h2>\t\t<\/div>\n\t\t\t\t<\/div>\n\t\t\t\t<div class=\"elementor-element elementor-element-43e1d22 elementor-widget elementor-widget-text-editor\" data-id=\"43e1d22\" data-element_type=\"widget\" data-widget_type=\"text-editor.default\">\n\t\t\t\t<div class=\"elementor-widget-container\">\n\t\t\t<style>\/*! elementor - v3.7.1 - 14-08-2022 *\/\n.elementor-widget-text-editor.elementor-drop-cap-view-stacked .elementor-drop-cap{background-color:#818a91;color:#fff}.elementor-widget-text-editor.elementor-drop-cap-view-framed .elementor-drop-cap{color:#818a91;border:3px solid;background-color:transparent}.elementor-widget-text-editor:not(.elementor-drop-cap-view-default) .elementor-drop-cap{margin-top:8px}.elementor-widget-text-editor:not(.elementor-drop-cap-view-default) .elementor-drop-cap-letter{width:1em;height:1em}.elementor-widget-text-editor .elementor-drop-cap{float:left;text-align:center;line-height:1;font-size:50px}.elementor-widget-text-editor .elementor-drop-cap-letter{display:inline-block}<\/style>\t\t\t\t<p><span style=\"text-align: var(--text-align);\">&#8211; Bicomponente;<\/span><\/p>\n<p><span style=\"text-align: var(--text-align);\">&#8211; Acabamento texturizado indicado para m\u00f3veis em geral;<\/span><\/p>\n<p><span style=\"text-align: var(--text-align);\">&#8211; Alta resist\u00eancia qu\u00edmica e f\u00edsica;<\/span><\/p>\n<p><span style=\"text-align: var(--text-align);\">&#8211; \u00d3tima resist\u00eancia \u00e0 riscos.<\/span><\/p>\t\t\t\t\t\t<\/div>\n\t\t\t\t<\/div>\n\t\t\t\t<div class=\"elementor-element elementor-element-f5a3132 elementor-align-left elementor-widget elementor-widget-button\" data-id=\"f5a3132\" data-element_type=\"widget\" data-widget_type=\"button.default\">\n\t\t\t\t<div class=\"elementor-widget-container\">\n\t\t\t\t\t<div class=\"elementor-button-wrapper\">\n\t\t\t<a href=\"https:\/\/www.adex.com.br\/site\/ficha-tecnica\/\" class=\"elementor-button-link elementor-button elementor-size-sm\" role=\"button\">\n\t\t\t\t\t\t<span class=\"elementor-button-content-wrapper\">\n\t\t\t\t\t\t<span class=\"elementor-button-text\">SOLICITE A FICHA T\u00c9CNICA<\/span>\n\t\t<\/span>\n\t\t\t\t\t<\/a>\n\t\t<\/div>\n\t\t\t\t<\/div>\n\t\t\t\t<\/div>\n\t\t\t\t<div class=\"elementor-element elementor-element-44f86fe elementor-icon-list--layout-traditional elementor-list-item-link-full_width elementor-widget elementor-widget-icon-list\" data-id=\"44f86fe\" data-element_type=\"widget\" data-widget_type=\"icon-list.default\">\n\t\t\t\t<div class=\"elementor-widget-container\">\n\t\t\t<link rel=\"stylesheet\" href=\"https:\/\/www.adex.com.br\/site\/wp-content\/plugins\/elementor\/assets\/css\/widget-icon-list.min.css\">\t\t<ul class=\"elementor-icon-list-items\">\n\t\t\t\t\t\t\t<li class=\"elementor-icon-list-item\">\n\t\t\t\t\t\t\t\t\t\t\t<span class=\"elementor-icon-list-icon\">\n\t\t\t\t\t\t\t<i aria-hidden=\"true\" class=\"fas fa-pen-alt\"><\/i>\t\t\t\t\t\t<\/span>\n\t\t\t\t\t\t\t\t\t\t<span class=\"elementor-icon-list-text\">Categorias:<\/span>\n\t\t\t\t\t\t\t\t\t<\/li>\n\t\t\t\t\t\t<\/ul>\n\t\t\t\t<\/div>\n\t\t\t\t<\/div>\n\t\t\t\t<div class=\"elementor-element elementor-element-ea98cab elementor-widget elementor-widget-text-editor\" data-id=\"ea98cab\" data-element_type=\"widget\" data-widget_type=\"text-editor.default\">\n\t\t\t\t<div class=\"elementor-widget-container\">\n\t\t\t\t\t\t\t<p>MOVELEIRA<\/p>\t\t\t\t\t\t<\/div>\n\t\t\t\t<\/div>\n\t\t<\/div><\/div><\/div><\/div>\t\t\t\t\t<\/div>\n\t\t","protected":false},"excerpt":{"rendered":"<p>ACABAMENTO PU TEXTURIZADO &#8211; Bicomponente; &#8211; Acabamento texturizado indicado para m\u00f3veis em geral; &#8211; Alta resist\u00eancia qu\u00edmica e f\u00edsica; &#8211; \u00d3tima resist\u00eancia \u00e0 riscos. SOLICITE A FICHA T\u00c9CNICA Categorias: MOVELEIRA<\/p>\n","protected":false},"author":1,"featured_media":0,"parent":0,"menu_order":0,"comment_status":"closed","ping_status":"closed","template":"elementor_header_footer","meta":{"footnotes":""},"class_list":["post-743","page","type-page","status-publish","hentry","entry"],"_links":{"self":[{"href":"https:\/\/www.adex.com.br\/site\/wp-json\/wp\/v2\/pages\/743","targetHints":{"allow":["GET"]}}],"collection":[{"href":"https:\/\/www.adex.com.br\/site\/wp-json\/wp\/v2\/pages"}],"about":[{"href":"https:\/\/www.adex.com.br\/site\/wp-json\/wp\/v2\/types\/page"}],"author":[{"embeddable":true,"href":"https:\/\/www.adex.com.br\/site\/wp-json\/wp\/v2\/users\/1"}],"replies":[{"embeddable":true,"href":"https:\/\/www.adex.com.br\/site\/wp-json\/wp\/v2\/comments?post=743"}],"version-history":[{"count":10,"href":"https:\/\/www.adex.com.br\/site\/wp-json\/wp\/v2\/pages\/743\/revisions"}],"predecessor-version":[{"id":755,"href":"https:\/\/www.adex.com.br\/site\/wp-json\/wp\/v2\/pages\/743\/revisions\/755"}],"wp:attachment":[{"href":"https:\/\/www.adex.com.br\/site\/wp-json\/wp\/v2\/media?parent=743"}],"curies":[{"name":"wp","href":"https:\/\/api.w.org\/{rel}","templated":true}]}}