{"id":658,"date":"2022-08-01T01:20:23","date_gmt":"2022-08-01T04:20:23","guid":{"rendered":"https:\/\/www.adex.com.br\/site\/?page_id=658"},"modified":"2022-08-01T01:26:03","modified_gmt":"2022-08-01T04:26:03","slug":"laca-nc-acabamento","status":"publish","type":"page","link":"https:\/\/www.adex.com.br\/site\/laca-nc-acabamento\/","title":{"rendered":"laca-nc-acabamento"},"content":{"rendered":"\t\t<div data-elementor-type=\"wp-page\" data-elementor-id=\"658\" class=\"elementor elementor-658\">\n\t\t\t\t\t\t\t<div class=\"elementor-element elementor-element-451ef53 e-container--row e-container\" data-id=\"451ef53\" data-element_type=\"container\">\t\t<div class=\"elementor-element elementor-element-53ba07b e-container--row e-container\" data-id=\"53ba07b\" data-element_type=\"container\">\t\t<div class=\"elementor-element elementor-element-a9803e6 e-container--row e-container\" data-id=\"a9803e6\" data-element_type=\"container\">\t\t<div class=\"elementor-element elementor-element-b42ff89 e-container--column e-container\" data-id=\"b42ff89\" data-element_type=\"container\">\t\t\t\t<div class=\"elementor-element elementor-element-05f3723 elementor-widget elementor-widget-image\" data-id=\"05f3723\" data-element_type=\"widget\" data-widget_type=\"image.default\">\n\t\t\t\t<div class=\"elementor-widget-container\">\n\t\t\t<style>\/*! elementor - v3.7.1 - 14-08-2022 *\/\n.elementor-widget-image{text-align:center}.elementor-widget-image a{display:inline-block}.elementor-widget-image a img[src$=\".svg\"]{width:48px}.elementor-widget-image img{vertical-align:middle;display:inline-block}<\/style>\t\t\t\t\t\t\t\t\t\t\t\t<img loading=\"lazy\" decoding=\"async\" width=\"535\" height=\"577\" src=\"https:\/\/www.adex.com.br\/site\/wp-content\/uploads\/2022\/07\/produto_imagem-535x577-1.png\" class=\"attachment-large size-large\" alt=\"Tintas industriais adex\" srcset=\"https:\/\/www.adex.com.br\/site\/wp-content\/uploads\/2022\/07\/produto_imagem-535x577-1.png 535w, https:\/\/www.adex.com.br\/site\/wp-content\/uploads\/2022\/07\/produto_imagem-535x577-1-278x300.png 278w\" sizes=\"auto, (max-width: 535px) 100vw, 535px\" style=\"width:100%;height:107.85%;max-width:535px\" \/>\t\t\t\t\t\t\t\t\t\t\t\t\t\t\t<\/div>\n\t\t\t\t<\/div>\n\t\t<\/div><div class=\"elementor-element elementor-element-e698aaa e-container--column e-container\" data-id=\"e698aaa\" data-element_type=\"container\">\t\t\t\t<div class=\"elementor-element elementor-element-e219ba0 elementor-widget elementor-widget-heading\" data-id=\"e219ba0\" data-element_type=\"widget\" data-widget_type=\"heading.default\">\n\t\t\t\t<div class=\"elementor-widget-container\">\n\t\t\t<style>\/*! elementor - v3.7.1 - 14-08-2022 *\/\n.elementor-heading-title{padding:0;margin:0;line-height:1}.elementor-widget-heading .elementor-heading-title[class*=elementor-size-]>a{color:inherit;font-size:inherit;line-height:inherit}.elementor-widget-heading .elementor-heading-title.elementor-size-small{font-size:15px}.elementor-widget-heading .elementor-heading-title.elementor-size-medium{font-size:19px}.elementor-widget-heading .elementor-heading-title.elementor-size-large{font-size:29px}.elementor-widget-heading .elementor-heading-title.elementor-size-xl{font-size:39px}.elementor-widget-heading .elementor-heading-title.elementor-size-xxl{font-size:59px}<\/style><h2 class=\"elementor-heading-title elementor-size-default\">LACA NC ACABAMENTO<\/h2>\t\t<\/div>\n\t\t\t\t<\/div>\n\t\t\t\t<div class=\"elementor-element elementor-element-bc30fb7 elementor-widget elementor-widget-text-editor\" data-id=\"bc30fb7\" data-element_type=\"widget\" data-widget_type=\"text-editor.default\">\n\t\t\t\t<div class=\"elementor-widget-container\">\n\t\t\t<style>\/*! elementor - v3.7.1 - 14-08-2022 *\/\n.elementor-widget-text-editor.elementor-drop-cap-view-stacked .elementor-drop-cap{background-color:#818a91;color:#fff}.elementor-widget-text-editor.elementor-drop-cap-view-framed .elementor-drop-cap{color:#818a91;border:3px solid;background-color:transparent}.elementor-widget-text-editor:not(.elementor-drop-cap-view-default) .elementor-drop-cap{margin-top:8px}.elementor-widget-text-editor:not(.elementor-drop-cap-view-default) .elementor-drop-cap-letter{width:1em;height:1em}.elementor-widget-text-editor .elementor-drop-cap{float:left;text-align:center;line-height:1;font-size:50px}.elementor-widget-text-editor .elementor-drop-cap-letter{display:inline-block}<\/style>\t\t\t\t<p>&#8211; Produto de f\u00e1cil aplica\u00e7\u00e3o;<\/p><p>&#8211; Secagem r\u00e1pida;<\/p><p>&#8211; Apresenta bom aspecto e brilho;<\/p><p>&#8211; Atende \u00e0s linhas industriais e moveleiras;<\/p><p>&#8211; Proporciona prote\u00e7\u00e3o e embelezamento como acabamento de m\u00f3veis e chaparias em geral.<\/p>\t\t\t\t\t\t<\/div>\n\t\t\t\t<\/div>\n\t\t\t\t<div class=\"elementor-element elementor-element-906f599 elementor-align-left elementor-widget elementor-widget-button\" data-id=\"906f599\" data-element_type=\"widget\" data-widget_type=\"button.default\">\n\t\t\t\t<div class=\"elementor-widget-container\">\n\t\t\t\t\t<div class=\"elementor-button-wrapper\">\n\t\t\t<a href=\"https:\/\/www.adex.com.br\/site\/ficha-tecnica\/\" class=\"elementor-button-link elementor-button elementor-size-sm\" role=\"button\">\n\t\t\t\t\t\t<span class=\"elementor-button-content-wrapper\">\n\t\t\t\t\t\t<span class=\"elementor-button-text\">SOLICITE A FICHA T\u00c9CNICA<\/span>\n\t\t<\/span>\n\t\t\t\t\t<\/a>\n\t\t<\/div>\n\t\t\t\t<\/div>\n\t\t\t\t<\/div>\n\t\t\t\t<div class=\"elementor-element elementor-element-3b9b382 elementor-icon-list--layout-traditional elementor-list-item-link-full_width elementor-widget elementor-widget-icon-list\" data-id=\"3b9b382\" data-element_type=\"widget\" data-widget_type=\"icon-list.default\">\n\t\t\t\t<div class=\"elementor-widget-container\">\n\t\t\t<link rel=\"stylesheet\" href=\"https:\/\/www.adex.com.br\/site\/wp-content\/plugins\/elementor\/assets\/css\/widget-icon-list.min.css\">\t\t<ul class=\"elementor-icon-list-items\">\n\t\t\t\t\t\t\t<li class=\"elementor-icon-list-item\">\n\t\t\t\t\t\t\t\t\t\t\t<span class=\"elementor-icon-list-icon\">\n\t\t\t\t\t\t\t<i aria-hidden=\"true\" class=\"fas fa-pen-alt\"><\/i>\t\t\t\t\t\t<\/span>\n\t\t\t\t\t\t\t\t\t\t<span class=\"elementor-icon-list-text\">Categorias:<\/span>\n\t\t\t\t\t\t\t\t\t<\/li>\n\t\t\t\t\t\t<\/ul>\n\t\t\t\t<\/div>\n\t\t\t\t<\/div>\n\t\t\t\t<div class=\"elementor-element elementor-element-7b48f9a elementor-widget elementor-widget-text-editor\" data-id=\"7b48f9a\" data-element_type=\"widget\" data-widget_type=\"text-editor.default\">\n\t\t\t\t<div class=\"elementor-widget-container\">\n\t\t\t\t\t\t\t<p>MOVELEIRA\u00a0<\/p>\t\t\t\t\t\t<\/div>\n\t\t\t\t<\/div>\n\t\t<\/div><\/div><\/div><\/div>\t\t\t\t\t<\/div>\n\t\t","protected":false},"excerpt":{"rendered":"<p>LACA NC ACABAMENTO &#8211; Produto de f\u00e1cil aplica\u00e7\u00e3o; &#8211; Secagem r\u00e1pida; &#8211; Apresenta bom aspecto e brilho; &#8211; Atende \u00e0s linhas industriais e moveleiras; &#8211; Proporciona prote\u00e7\u00e3o e embelezamento como acabamento de m\u00f3veis e chaparias em geral. SOLICITE A FICHA T\u00c9CNICA Categorias: MOVELEIRA\u00a0<\/p>\n","protected":false},"author":1,"featured_media":0,"parent":0,"menu_order":0,"comment_status":"closed","ping_status":"closed","template":"elementor_header_footer","meta":{"footnotes":""},"class_list":["post-658","page","type-page","status-publish","hentry","entry"],"_links":{"self":[{"href":"https:\/\/www.adex.com.br\/site\/wp-json\/wp\/v2\/pages\/658","targetHints":{"allow":["GET"]}}],"collection":[{"href":"https:\/\/www.adex.com.br\/site\/wp-json\/wp\/v2\/pages"}],"about":[{"href":"https:\/\/www.adex.com.br\/site\/wp-json\/wp\/v2\/types\/page"}],"author":[{"embeddable":true,"href":"https:\/\/www.adex.com.br\/site\/wp-json\/wp\/v2\/users\/1"}],"replies":[{"embeddable":true,"href":"https:\/\/www.adex.com.br\/site\/wp-json\/wp\/v2\/comments?post=658"}],"version-history":[{"count":7,"href":"https:\/\/www.adex.com.br\/site\/wp-json\/wp\/v2\/pages\/658\/revisions"}],"predecessor-version":[{"id":668,"href":"https:\/\/www.adex.com.br\/site\/wp-json\/wp\/v2\/pages\/658\/revisions\/668"}],"wp:attachment":[{"href":"https:\/\/www.adex.com.br\/site\/wp-json\/wp\/v2\/media?parent=658"}],"curies":[{"name":"wp","href":"https:\/\/api.w.org\/{rel}","templated":true}]}}