{"id":652,"date":"2022-08-01T01:14:25","date_gmt":"2022-08-01T04:14:25","guid":{"rendered":"https:\/\/www.adex.com.br\/site\/?page_id=652"},"modified":"2022-08-01T01:16:52","modified_gmt":"2022-08-01T04:16:52","slug":"acabamento-epoxi-piso","status":"publish","type":"page","link":"https:\/\/www.adex.com.br\/site\/acabamento-epoxi-piso\/","title":{"rendered":"acabamento-epoxi-piso"},"content":{"rendered":"\t\t<div data-elementor-type=\"wp-page\" data-elementor-id=\"652\" class=\"elementor elementor-652\">\n\t\t\t\t\t\t\t<div class=\"elementor-element elementor-element-7ad27a1 e-container--row e-container\" data-id=\"7ad27a1\" data-element_type=\"container\">\t\t<div class=\"elementor-element elementor-element-a320d00 e-container--row e-container\" data-id=\"a320d00\" data-element_type=\"container\">\t\t<div class=\"elementor-element elementor-element-f9c2130 e-container--row e-container\" data-id=\"f9c2130\" data-element_type=\"container\">\t\t<div class=\"elementor-element elementor-element-9407fb9 e-container--row e-container\" data-id=\"9407fb9\" data-element_type=\"container\">\t\t<div class=\"elementor-element elementor-element-f335d73 e-container--column e-container\" data-id=\"f335d73\" data-element_type=\"container\">\t\t\t\t<div class=\"elementor-element elementor-element-70d5b82 elementor-widget elementor-widget-image\" data-id=\"70d5b82\" data-element_type=\"widget\" data-widget_type=\"image.default\">\n\t\t\t\t<div class=\"elementor-widget-container\">\n\t\t\t<style>\/*! elementor - v3.7.1 - 14-08-2022 *\/\n.elementor-widget-image{text-align:center}.elementor-widget-image a{display:inline-block}.elementor-widget-image a img[src$=\".svg\"]{width:48px}.elementor-widget-image img{vertical-align:middle;display:inline-block}<\/style>\t\t\t\t\t\t\t\t\t\t\t\t<img loading=\"lazy\" decoding=\"async\" width=\"535\" height=\"577\" src=\"https:\/\/www.adex.com.br\/site\/wp-content\/uploads\/2022\/07\/produto_imagem-535x577-1.png\" class=\"attachment-large size-large\" alt=\"Tintas industriais adex\" srcset=\"https:\/\/www.adex.com.br\/site\/wp-content\/uploads\/2022\/07\/produto_imagem-535x577-1.png 535w, https:\/\/www.adex.com.br\/site\/wp-content\/uploads\/2022\/07\/produto_imagem-535x577-1-278x300.png 278w\" sizes=\"auto, (max-width: 535px) 100vw, 535px\" style=\"width:100%;height:107.85%;max-width:535px\" \/>\t\t\t\t\t\t\t\t\t\t\t\t\t\t\t<\/div>\n\t\t\t\t<\/div>\n\t\t<\/div><div class=\"elementor-element elementor-element-9b02c83 e-container--column e-container\" data-id=\"9b02c83\" data-element_type=\"container\">\t\t\t\t<div class=\"elementor-element elementor-element-1a83a9e elementor-widget elementor-widget-heading\" data-id=\"1a83a9e\" data-element_type=\"widget\" data-widget_type=\"heading.default\">\n\t\t\t\t<div class=\"elementor-widget-container\">\n\t\t\t<style>\/*! elementor - v3.7.1 - 14-08-2022 *\/\n.elementor-heading-title{padding:0;margin:0;line-height:1}.elementor-widget-heading .elementor-heading-title[class*=elementor-size-]>a{color:inherit;font-size:inherit;line-height:inherit}.elementor-widget-heading .elementor-heading-title.elementor-size-small{font-size:15px}.elementor-widget-heading .elementor-heading-title.elementor-size-medium{font-size:19px}.elementor-widget-heading .elementor-heading-title.elementor-size-large{font-size:29px}.elementor-widget-heading .elementor-heading-title.elementor-size-xl{font-size:39px}.elementor-widget-heading .elementor-heading-title.elementor-size-xxl{font-size:59px}<\/style><h2 class=\"elementor-heading-title elementor-size-default\">ACABAMENTO EP\u00d3XI PISO<\/h2>\t\t<\/div>\n\t\t\t\t<\/div>\n\t\t\t\t<div class=\"elementor-element elementor-element-418fdb8 elementor-widget elementor-widget-text-editor\" data-id=\"418fdb8\" data-element_type=\"widget\" data-widget_type=\"text-editor.default\">\n\t\t\t\t<div class=\"elementor-widget-container\">\n\t\t\t<style>\/*! elementor - v3.7.1 - 14-08-2022 *\/\n.elementor-widget-text-editor.elementor-drop-cap-view-stacked .elementor-drop-cap{background-color:#818a91;color:#fff}.elementor-widget-text-editor.elementor-drop-cap-view-framed .elementor-drop-cap{color:#818a91;border:3px solid;background-color:transparent}.elementor-widget-text-editor:not(.elementor-drop-cap-view-default) .elementor-drop-cap{margin-top:8px}.elementor-widget-text-editor:not(.elementor-drop-cap-view-default) .elementor-drop-cap-letter{width:1em;height:1em}.elementor-widget-text-editor .elementor-drop-cap{float:left;text-align:center;line-height:1;font-size:50px}.elementor-widget-text-editor .elementor-drop-cap-letter{display:inline-block}<\/style>\t\t\t\t<p>&#8211; Acabamento ep\u00f3xi poliamida;<\/p><p>&#8211; Secagem r\u00e1pida;<\/p><p>&#8211; Bicomponentes;<\/p><p>&#8211; Secagem ao ar;<\/p><p>&#8211; Destinado para pintura de pisos que necessitem de excelente resist\u00eancia a abras\u00e3o e produtos qu\u00edmicos. Utilizado, tamb\u00e9m, para pintura de faixas de demarca\u00e7\u00e3o.<\/p>\t\t\t\t\t\t<\/div>\n\t\t\t\t<\/div>\n\t\t\t\t<div class=\"elementor-element elementor-element-d4358f1 elementor-align-left elementor-widget elementor-widget-button\" data-id=\"d4358f1\" data-element_type=\"widget\" data-widget_type=\"button.default\">\n\t\t\t\t<div class=\"elementor-widget-container\">\n\t\t\t\t\t<div class=\"elementor-button-wrapper\">\n\t\t\t<a href=\"https:\/\/www.adex.com.br\/site\/ficha-tecnica\/\" class=\"elementor-button-link elementor-button elementor-size-sm\" role=\"button\">\n\t\t\t\t\t\t<span class=\"elementor-button-content-wrapper\">\n\t\t\t\t\t\t<span class=\"elementor-button-text\">SOLICITE A FICHA T\u00c9CNICA<\/span>\n\t\t<\/span>\n\t\t\t\t\t<\/a>\n\t\t<\/div>\n\t\t\t\t<\/div>\n\t\t\t\t<\/div>\n\t\t\t\t<div class=\"elementor-element elementor-element-ad0f987 elementor-icon-list--layout-traditional elementor-list-item-link-full_width elementor-widget elementor-widget-icon-list\" data-id=\"ad0f987\" data-element_type=\"widget\" data-widget_type=\"icon-list.default\">\n\t\t\t\t<div class=\"elementor-widget-container\">\n\t\t\t<link rel=\"stylesheet\" href=\"https:\/\/www.adex.com.br\/site\/wp-content\/plugins\/elementor\/assets\/css\/widget-icon-list.min.css\">\t\t<ul class=\"elementor-icon-list-items\">\n\t\t\t\t\t\t\t<li class=\"elementor-icon-list-item\">\n\t\t\t\t\t\t\t\t\t\t\t<span class=\"elementor-icon-list-icon\">\n\t\t\t\t\t\t\t<i aria-hidden=\"true\" class=\"fas fa-pen-alt\"><\/i>\t\t\t\t\t\t<\/span>\n\t\t\t\t\t\t\t\t\t\t<span class=\"elementor-icon-list-text\">Categorias:<\/span>\n\t\t\t\t\t\t\t\t\t<\/li>\n\t\t\t\t\t\t<\/ul>\n\t\t\t\t<\/div>\n\t\t\t\t<\/div>\n\t\t\t\t<div class=\"elementor-element elementor-element-4d99386 elementor-widget elementor-widget-text-editor\" data-id=\"4d99386\" data-element_type=\"widget\" data-widget_type=\"text-editor.default\">\n\t\t\t\t<div class=\"elementor-widget-container\">\n\t\t\t\t\t\t\t<p>ESPECIALIDADE<\/p>\t\t\t\t\t\t<\/div>\n\t\t\t\t<\/div>\n\t\t<\/div><\/div><\/div><\/div><\/div>\t\t\t\t\t<\/div>\n\t\t","protected":false},"excerpt":{"rendered":"<p>ACABAMENTO EP\u00d3XI PISO &#8211; Acabamento ep\u00f3xi poliamida; &#8211; Secagem r\u00e1pida; &#8211; Bicomponentes; &#8211; Secagem ao ar; &#8211; Destinado para pintura de pisos que necessitem de excelente resist\u00eancia a abras\u00e3o e produtos qu\u00edmicos. Utilizado, tamb\u00e9m, para pintura de faixas de demarca\u00e7\u00e3o. SOLICITE A FICHA T\u00c9CNICA Categorias: ESPECIALIDADE<\/p>\n","protected":false},"author":1,"featured_media":0,"parent":0,"menu_order":0,"comment_status":"closed","ping_status":"closed","template":"elementor_header_footer","meta":{"footnotes":""},"class_list":["post-652","page","type-page","status-publish","hentry","entry"],"_links":{"self":[{"href":"https:\/\/www.adex.com.br\/site\/wp-json\/wp\/v2\/pages\/652","targetHints":{"allow":["GET"]}}],"collection":[{"href":"https:\/\/www.adex.com.br\/site\/wp-json\/wp\/v2\/pages"}],"about":[{"href":"https:\/\/www.adex.com.br\/site\/wp-json\/wp\/v2\/types\/page"}],"author":[{"embeddable":true,"href":"https:\/\/www.adex.com.br\/site\/wp-json\/wp\/v2\/users\/1"}],"replies":[{"embeddable":true,"href":"https:\/\/www.adex.com.br\/site\/wp-json\/wp\/v2\/comments?post=652"}],"version-history":[{"count":4,"href":"https:\/\/www.adex.com.br\/site\/wp-json\/wp\/v2\/pages\/652\/revisions"}],"predecessor-version":[{"id":656,"href":"https:\/\/www.adex.com.br\/site\/wp-json\/wp\/v2\/pages\/652\/revisions\/656"}],"wp:attachment":[{"href":"https:\/\/www.adex.com.br\/site\/wp-json\/wp\/v2\/media?parent=652"}],"curies":[{"name":"wp","href":"https:\/\/api.w.org\/{rel}","templated":true}]}}