{"id":502,"date":"2022-07-31T23:51:11","date_gmt":"2022-08-01T02:51:11","guid":{"rendered":"https:\/\/www.adex.com.br\/site\/?page_id=502"},"modified":"2022-08-01T02:25:31","modified_gmt":"2022-08-01T05:25:31","slug":"linha-sintetico","status":"publish","type":"page","link":"https:\/\/www.adex.com.br\/site\/linha-sintetico\/","title":{"rendered":"linha-sintetico"},"content":{"rendered":"\t\t<div data-elementor-type=\"wp-page\" data-elementor-id=\"502\" class=\"elementor elementor-502\">\n\t\t\t\t\t\t\t<div class=\"elementor-element elementor-element-e01ff76 e-container--column e-container\" data-id=\"e01ff76\" data-element_type=\"container\" data-settings=\"{&quot;background_background&quot;:&quot;classic&quot;}\">\t\t<\/div><div class=\"elementor-element elementor-element-7c13d04 e-container--row e-container\" data-id=\"7c13d04\" data-element_type=\"container\">\t\t<div class=\"elementor-element elementor-element-4769b97 e-container--row e-container\" data-id=\"4769b97\" data-element_type=\"container\">\t\t<div class=\"elementor-element elementor-element-10cc65a e-container--row e-container\" data-id=\"10cc65a\" data-element_type=\"container\" data-settings=\"{&quot;background_background&quot;:&quot;classic&quot;}\">\t\t<div class=\"elementor-element elementor-element-5505d00 e-container--row e-container\" data-id=\"5505d00\" data-element_type=\"container\" data-settings=\"{&quot;background_background&quot;:&quot;classic&quot;}\">\t\t\t\t<div class=\"elementor-element elementor-element-0dd2b09 elementor-widget elementor-widget-heading\" data-id=\"0dd2b09\" data-element_type=\"widget\" data-widget_type=\"heading.default\">\n\t\t\t\t<div class=\"elementor-widget-container\">\n\t\t\t<style>\/*! elementor - v3.7.1 - 14-08-2022 *\/\n.elementor-heading-title{padding:0;margin:0;line-height:1}.elementor-widget-heading .elementor-heading-title[class*=elementor-size-]>a{color:inherit;font-size:inherit;line-height:inherit}.elementor-widget-heading .elementor-heading-title.elementor-size-small{font-size:15px}.elementor-widget-heading .elementor-heading-title.elementor-size-medium{font-size:19px}.elementor-widget-heading .elementor-heading-title.elementor-size-large{font-size:29px}.elementor-widget-heading .elementor-heading-title.elementor-size-xl{font-size:39px}.elementor-widget-heading .elementor-heading-title.elementor-size-xxl{font-size:59px}<\/style><h2 class=\"elementor-heading-title elementor-size-default\">Linha Sint\u00e9tico<\/h2>\t\t<\/div>\n\t\t\t\t<\/div>\n\t\t<\/div><\/div><\/div><\/div><div class=\"elementor-element elementor-element-fb91a54 e-container--row e-container\" data-id=\"fb91a54\" data-element_type=\"container\">\t\t<div class=\"elementor-element elementor-element-0ab1466 e-container--row e-container\" data-id=\"0ab1466\" data-element_type=\"container\">\t\t<div class=\"elementor-element elementor-element-6135415 e-container--column e-container\" data-id=\"6135415\" data-element_type=\"container\">\t\t\t\t<div class=\"elementor-element elementor-element-b024bdb elementor-nav-menu__align-left elementor-nav-menu--dropdown-tablet elementor-nav-menu__text-align-aside elementor-nav-menu--toggle elementor-nav-menu--burger elementor-widget elementor-widget-nav-menu\" data-id=\"b024bdb\" data-element_type=\"widget\" data-settings=\"{&quot;layout&quot;:&quot;vertical&quot;,&quot;submenu_icon&quot;:{&quot;value&quot;:&quot;&lt;i class=\\&quot;fas fa-caret-down\\&quot;&gt;&lt;\\\/i&gt;&quot;,&quot;library&quot;:&quot;fa-solid&quot;},&quot;toggle&quot;:&quot;burger&quot;}\" data-widget_type=\"nav-menu.default\">\n\t\t\t\t<div class=\"elementor-widget-container\">\n\t\t\t<link rel=\"stylesheet\" href=\"https:\/\/www.adex.com.br\/site\/wp-content\/plugins\/elementor-pro\/assets\/css\/widget-nav-menu.min.css\">\t\t\t<nav migration_allowed=\"1\" migrated=\"0\" role=\"navigation\" class=\"elementor-nav-menu--main elementor-nav-menu__container elementor-nav-menu--layout-vertical e--pointer-background e--animation-sweep-right\">\n\t\t\t\t<ul id=\"menu-1-b024bdb\" class=\"elementor-nav-menu sm-vertical\"><li class=\"menu-item menu-item-type-custom menu-item-object-custom menu-item-353\"><a href=\"https:\/\/www.adex.com.br\/site\/linha-acrilico\/\" class=\"elementor-item\">Acr\u00edlico<\/a><\/li>\n<li class=\"menu-item menu-item-type-custom menu-item-object-custom menu-item-354\"><a href=\"https:\/\/www.adex.com.br\/site\/linha-base-agua\" class=\"elementor-item\">Base Agua<\/a><\/li>\n<li class=\"menu-item menu-item-type-custom menu-item-object-custom menu-item-356\"><a href=\"https:\/\/www.adex.com.br\/site\/linha-nitrocelulose\" class=\"elementor-item\">Nitrocelulose<\/a><\/li>\n<li class=\"menu-item menu-item-type-custom menu-item-object-custom menu-item-357\"><a href=\"https:\/\/www.adex.com.br\/site\/outros\" class=\"elementor-item\">Outros<\/a><\/li>\n<li class=\"menu-item menu-item-type-custom menu-item-object-custom menu-item-358\"><a href=\"https:\/\/www.adex.com.br\/site\/linha-poliester\" class=\"elementor-item\">Poliester<\/a><\/li>\n<li class=\"menu-item menu-item-type-custom menu-item-object-custom menu-item-359\"><a href=\"https:\/\/www.adex.com.br\/site\/linha-pu\" class=\"elementor-item\">PU<\/a><\/li>\n<li class=\"menu-item menu-item-type-custom menu-item-object-custom menu-item-360\"><a href=\"https:\/\/www.adex.com.br\/site\/linha-sintetico\" class=\"elementor-item\">Sint\u00e9tico<\/a><\/li>\n<li class=\"menu-item menu-item-type-custom menu-item-object-custom menu-item-361\"><a href=\"https:\/\/www.adex.com.br\/site\/linha-thinner\" class=\"elementor-item\">Thinner<\/a><\/li>\n<li class=\"menu-item menu-item-type-custom menu-item-object-custom menu-item-362\"><a href=\"https:\/\/www.adex.com.br\/site\/linha-uv\" class=\"elementor-item\">UV<\/a><\/li>\n<\/ul>\t\t\t<\/nav>\n\t\t\t\t\t<div class=\"elementor-menu-toggle\" role=\"button\" tabindex=\"0\" aria-label=\"Alternar menu\" aria-expanded=\"false\">\n\t\t\t<i aria-hidden=\"true\" role=\"presentation\" class=\"elementor-menu-toggle__icon--open eicon-menu-bar\"><\/i><i aria-hidden=\"true\" role=\"presentation\" class=\"elementor-menu-toggle__icon--close eicon-close\"><\/i>\t\t\t<span class=\"elementor-screen-only\">Menu<\/span>\n\t\t<\/div>\n\t\t\t<nav class=\"elementor-nav-menu--dropdown elementor-nav-menu__container\" role=\"navigation\" aria-hidden=\"true\">\n\t\t\t\t<ul id=\"menu-2-b024bdb\" class=\"elementor-nav-menu sm-vertical\"><li class=\"menu-item menu-item-type-custom menu-item-object-custom menu-item-353\"><a href=\"https:\/\/www.adex.com.br\/site\/linha-acrilico\/\" class=\"elementor-item\" tabindex=\"-1\">Acr\u00edlico<\/a><\/li>\n<li class=\"menu-item menu-item-type-custom menu-item-object-custom menu-item-354\"><a href=\"https:\/\/www.adex.com.br\/site\/linha-base-agua\" class=\"elementor-item\" tabindex=\"-1\">Base Agua<\/a><\/li>\n<li class=\"menu-item menu-item-type-custom menu-item-object-custom menu-item-356\"><a href=\"https:\/\/www.adex.com.br\/site\/linha-nitrocelulose\" class=\"elementor-item\" tabindex=\"-1\">Nitrocelulose<\/a><\/li>\n<li class=\"menu-item menu-item-type-custom menu-item-object-custom menu-item-357\"><a href=\"https:\/\/www.adex.com.br\/site\/outros\" class=\"elementor-item\" tabindex=\"-1\">Outros<\/a><\/li>\n<li class=\"menu-item menu-item-type-custom menu-item-object-custom menu-item-358\"><a href=\"https:\/\/www.adex.com.br\/site\/linha-poliester\" class=\"elementor-item\" tabindex=\"-1\">Poliester<\/a><\/li>\n<li class=\"menu-item menu-item-type-custom menu-item-object-custom menu-item-359\"><a href=\"https:\/\/www.adex.com.br\/site\/linha-pu\" class=\"elementor-item\" tabindex=\"-1\">PU<\/a><\/li>\n<li class=\"menu-item menu-item-type-custom menu-item-object-custom menu-item-360\"><a href=\"https:\/\/www.adex.com.br\/site\/linha-sintetico\" class=\"elementor-item\" tabindex=\"-1\">Sint\u00e9tico<\/a><\/li>\n<li class=\"menu-item menu-item-type-custom menu-item-object-custom menu-item-361\"><a href=\"https:\/\/www.adex.com.br\/site\/linha-thinner\" class=\"elementor-item\" tabindex=\"-1\">Thinner<\/a><\/li>\n<li class=\"menu-item menu-item-type-custom menu-item-object-custom menu-item-362\"><a href=\"https:\/\/www.adex.com.br\/site\/linha-uv\" class=\"elementor-item\" tabindex=\"-1\">UV<\/a><\/li>\n<\/ul>\t\t\t<\/nav>\n\t\t\t\t<\/div>\n\t\t\t\t<\/div>\n\t\t\t\t<div class=\"elementor-element elementor-element-14ad598 elementor-widget elementor-widget-text-editor\" data-id=\"14ad598\" data-element_type=\"widget\" data-widget_type=\"text-editor.default\">\n\t\t\t\t<div class=\"elementor-widget-container\">\n\t\t\t<style>\/*! elementor - v3.7.1 - 14-08-2022 *\/\n.elementor-widget-text-editor.elementor-drop-cap-view-stacked .elementor-drop-cap{background-color:#818a91;color:#fff}.elementor-widget-text-editor.elementor-drop-cap-view-framed .elementor-drop-cap{color:#818a91;border:3px solid;background-color:transparent}.elementor-widget-text-editor:not(.elementor-drop-cap-view-default) .elementor-drop-cap{margin-top:8px}.elementor-widget-text-editor:not(.elementor-drop-cap-view-default) .elementor-drop-cap-letter{width:1em;height:1em}.elementor-widget-text-editor .elementor-drop-cap{float:left;text-align:center;line-height:1;font-size:50px}.elementor-widget-text-editor .elementor-drop-cap-letter{display:inline-block}<\/style>\t\t\t\t<p>Segmentos<\/p>\t\t\t\t\t\t<\/div>\n\t\t\t\t<\/div>\n\t\t\t\t<div class=\"elementor-element elementor-element-f35f40a elementor-nav-menu__align-left elementor-nav-menu--dropdown-tablet elementor-nav-menu__text-align-aside elementor-nav-menu--toggle elementor-nav-menu--burger elementor-widget elementor-widget-nav-menu\" data-id=\"f35f40a\" data-element_type=\"widget\" data-settings=\"{&quot;layout&quot;:&quot;vertical&quot;,&quot;submenu_icon&quot;:{&quot;value&quot;:&quot;&lt;i class=\\&quot;fas fa-caret-down\\&quot;&gt;&lt;\\\/i&gt;&quot;,&quot;library&quot;:&quot;fa-solid&quot;},&quot;toggle&quot;:&quot;burger&quot;}\" data-widget_type=\"nav-menu.default\">\n\t\t\t\t<div class=\"elementor-widget-container\">\n\t\t\t\t\t\t<nav migration_allowed=\"1\" migrated=\"0\" role=\"navigation\" class=\"elementor-nav-menu--main elementor-nav-menu__container elementor-nav-menu--layout-vertical e--pointer-none\">\n\t\t\t\t<ul id=\"menu-1-f35f40a\" class=\"elementor-nav-menu sm-vertical\"><li class=\"menu-item menu-item-type-custom menu-item-object-custom menu-item-378\"><a href=\"https:\/\/www.adex.com.br\/site\/agroindustria\" class=\"elementor-item\">Agroind\u00fastria<\/a><\/li>\n<li class=\"menu-item menu-item-type-custom menu-item-object-custom menu-item-379\"><a href=\"https:\/\/www.adex.com.br\/site\/especialidades\" class=\"elementor-item\">Especialidades<\/a><\/li>\n<li class=\"menu-item menu-item-type-custom menu-item-object-custom menu-item-380\"><a href=\"https:\/\/www.adex.com.br\/site\/metal-mecanica\" class=\"elementor-item\">Metal Mec\u00e2nica<\/a><\/li>\n<li class=\"menu-item menu-item-type-custom menu-item-object-custom menu-item-381\"><a href=\"https:\/\/www.adex.com.br\/site\/moveleira\" class=\"elementor-item\">Moveleira<\/a><\/li>\n<li class=\"menu-item menu-item-type-custom menu-item-object-custom menu-item-382\"><a href=\"https:\/\/www.adex.com.br\/site\/rodoviaria\" class=\"elementor-item\">Rodovi\u00e1ria<\/a><\/li>\n<\/ul>\t\t\t<\/nav>\n\t\t\t\t\t<div class=\"elementor-menu-toggle\" role=\"button\" tabindex=\"0\" aria-label=\"Alternar menu\" aria-expanded=\"false\">\n\t\t\t<i aria-hidden=\"true\" role=\"presentation\" class=\"elementor-menu-toggle__icon--open eicon-menu-bar\"><\/i><i aria-hidden=\"true\" role=\"presentation\" class=\"elementor-menu-toggle__icon--close eicon-close\"><\/i>\t\t\t<span class=\"elementor-screen-only\">Menu<\/span>\n\t\t<\/div>\n\t\t\t<nav class=\"elementor-nav-menu--dropdown elementor-nav-menu__container\" role=\"navigation\" aria-hidden=\"true\">\n\t\t\t\t<ul id=\"menu-2-f35f40a\" class=\"elementor-nav-menu sm-vertical\"><li class=\"menu-item menu-item-type-custom menu-item-object-custom menu-item-378\"><a href=\"https:\/\/www.adex.com.br\/site\/agroindustria\" class=\"elementor-item\" tabindex=\"-1\">Agroind\u00fastria<\/a><\/li>\n<li class=\"menu-item menu-item-type-custom menu-item-object-custom menu-item-379\"><a href=\"https:\/\/www.adex.com.br\/site\/especialidades\" class=\"elementor-item\" tabindex=\"-1\">Especialidades<\/a><\/li>\n<li class=\"menu-item menu-item-type-custom menu-item-object-custom menu-item-380\"><a href=\"https:\/\/www.adex.com.br\/site\/metal-mecanica\" class=\"elementor-item\" tabindex=\"-1\">Metal Mec\u00e2nica<\/a><\/li>\n<li class=\"menu-item menu-item-type-custom menu-item-object-custom menu-item-381\"><a href=\"https:\/\/www.adex.com.br\/site\/moveleira\" class=\"elementor-item\" tabindex=\"-1\">Moveleira<\/a><\/li>\n<li class=\"menu-item menu-item-type-custom menu-item-object-custom menu-item-382\"><a href=\"https:\/\/www.adex.com.br\/site\/rodoviaria\" class=\"elementor-item\" tabindex=\"-1\">Rodovi\u00e1ria<\/a><\/li>\n<\/ul>\t\t\t<\/nav>\n\t\t\t\t<\/div>\n\t\t\t\t<\/div>\n\t\t<\/div><div class=\"elementor-element elementor-element-36cd01a e-container--row e-container\" data-id=\"36cd01a\" data-element_type=\"container\" data-settings=\"{&quot;background_background&quot;:&quot;classic&quot;}\">\t\t\t\t<div class=\"elementor-element elementor-element-3b8bef3 elementor-position-top elementor-vertical-align-top elementor-widget elementor-widget-image-box\" data-id=\"3b8bef3\" data-element_type=\"widget\" data-widget_type=\"image-box.default\">\n\t\t\t\t<div class=\"elementor-widget-container\">\n\t\t\t<style>\/*! elementor - v3.7.1 - 14-08-2022 *\/\n.elementor-widget-image-box .elementor-image-box-content{width:100%}@media (min-width:768px){.elementor-widget-image-box.elementor-position-left .elementor-image-box-wrapper,.elementor-widget-image-box.elementor-position-right .elementor-image-box-wrapper{display:-webkit-box;display:-ms-flexbox;display:flex}.elementor-widget-image-box.elementor-position-right .elementor-image-box-wrapper{text-align:right;-webkit-box-orient:horizontal;-webkit-box-direction:reverse;-ms-flex-direction:row-reverse;flex-direction:row-reverse}.elementor-widget-image-box.elementor-position-left .elementor-image-box-wrapper{text-align:left;-webkit-box-orient:horizontal;-webkit-box-direction:normal;-ms-flex-direction:row;flex-direction:row}.elementor-widget-image-box.elementor-position-top .elementor-image-box-img{margin:auto}.elementor-widget-image-box.elementor-vertical-align-top .elementor-image-box-wrapper{-webkit-box-align:start;-ms-flex-align:start;align-items:flex-start}.elementor-widget-image-box.elementor-vertical-align-middle .elementor-image-box-wrapper{-webkit-box-align:center;-ms-flex-align:center;align-items:center}.elementor-widget-image-box.elementor-vertical-align-bottom .elementor-image-box-wrapper{-webkit-box-align:end;-ms-flex-align:end;align-items:flex-end}}@media (max-width:767px){.elementor-widget-image-box .elementor-image-box-img{margin-left:auto!important;margin-right:auto!important;margin-bottom:15px}}.elementor-widget-image-box .elementor-image-box-img{display:inline-block}.elementor-widget-image-box .elementor-image-box-title a{color:inherit}.elementor-widget-image-box .elementor-image-box-wrapper{text-align:center}.elementor-widget-image-box .elementor-image-box-description{margin:0}<\/style><div class=\"elementor-image-box-wrapper\"><figure class=\"elementor-image-box-img\"><a href=\"https:\/\/www.adex.com.br\/site\/acabamento-sintetico-dupla-funcao\/\"><img loading=\"lazy\" decoding=\"async\" width=\"278\" height=\"300\" src=\"https:\/\/www.adex.com.br\/site\/wp-content\/uploads\/2022\/07\/produto_imagem-535x577-1-278x300.png\" class=\"elementor-animation-pulse attachment-medium size-medium\" alt=\"Tintas industriais adex\" style=\"width:100%;height:107.85%;max-width:535px\" \/><\/a><\/figure><div class=\"elementor-image-box-content\"><h3 class=\"elementor-image-box-title\"><a href=\"https:\/\/www.adex.com.br\/site\/acabamento-sintetico-dupla-funcao\/\">Acabamento Sint\u00e9tico Dupla Fun\u00e7\u00e3o<\/a><\/h3><\/div><\/div>\t\t<\/div>\n\t\t\t\t<\/div>\n\t\t\t\t<div class=\"elementor-element elementor-element-f4995bf elementor-position-top elementor-vertical-align-top elementor-widget elementor-widget-image-box\" data-id=\"f4995bf\" data-element_type=\"widget\" data-widget_type=\"image-box.default\">\n\t\t\t\t<div class=\"elementor-widget-container\">\n\t\t\t<div class=\"elementor-image-box-wrapper\"><figure class=\"elementor-image-box-img\"><a href=\"https:\/\/www.adex.com.br\/site\/acabamento-sintetico\/\"><img loading=\"lazy\" decoding=\"async\" width=\"278\" height=\"300\" src=\"https:\/\/www.adex.com.br\/site\/wp-content\/uploads\/2022\/07\/produto_imagem-535x577-1-278x300.png\" class=\"elementor-animation-pulse attachment-medium size-medium\" alt=\"Tintas industriais adex\" style=\"width:100%;height:107.85%;max-width:535px\" \/><\/a><\/figure><div class=\"elementor-image-box-content\"><h3 class=\"elementor-image-box-title\"><a href=\"https:\/\/www.adex.com.br\/site\/acabamento-sintetico\/\">Acabamento Sint\u00e9tico<\/a><\/h3><\/div><\/div>\t\t<\/div>\n\t\t\t\t<\/div>\n\t\t\t\t<div class=\"elementor-element elementor-element-e6008d8 elementor-position-top elementor-vertical-align-top elementor-widget elementor-widget-image-box\" data-id=\"e6008d8\" data-element_type=\"widget\" data-widget_type=\"image-box.default\">\n\t\t\t\t<div class=\"elementor-widget-container\">\n\t\t\t<div class=\"elementor-image-box-wrapper\"><figure class=\"elementor-image-box-img\"><a href=\"https:\/\/www.adex.com.br\/site\/diluentes\/\"><img loading=\"lazy\" decoding=\"async\" width=\"278\" height=\"300\" src=\"https:\/\/www.adex.com.br\/site\/wp-content\/uploads\/2022\/07\/produto_imagem-535x577-1-278x300.png\" class=\"elementor-animation-pulse attachment-medium size-medium\" alt=\"Tintas industriais adex\" style=\"width:100%;height:107.85%;max-width:535px\" \/><\/a><\/figure><div class=\"elementor-image-box-content\"><h3 class=\"elementor-image-box-title\"><a href=\"https:\/\/www.adex.com.br\/site\/diluentes\/\">Diluentes<\/a><\/h3><\/div><\/div>\t\t<\/div>\n\t\t\t\t<\/div>\n\t\t\t\t<div class=\"elementor-element elementor-element-2f2f583 elementor-position-top elementor-vertical-align-top elementor-widget elementor-widget-image-box\" data-id=\"2f2f583\" data-element_type=\"widget\" data-widget_type=\"image-box.default\">\n\t\t\t\t<div class=\"elementor-widget-container\">\n\t\t\t<div class=\"elementor-image-box-wrapper\"><figure class=\"elementor-image-box-img\"><a href=\"https:\/\/www.adex.com.br\/site\/primer-cromato-de-zinco-vermelho-oxido\/\"><img loading=\"lazy\" decoding=\"async\" width=\"278\" height=\"300\" src=\"https:\/\/www.adex.com.br\/site\/wp-content\/uploads\/2022\/07\/produto_imagem-535x577-1-278x300.png\" class=\"elementor-animation-pulse attachment-medium size-medium\" alt=\"Tintas industriais adex\" style=\"width:100%;height:107.85%;max-width:535px\" \/><\/a><\/figure><div class=\"elementor-image-box-content\"><h3 class=\"elementor-image-box-title\"><a href=\"https:\/\/www.adex.com.br\/site\/primer-cromato-de-zinco-vermelho-oxido\/\">Primer Cromato de Zinco<br>Vermelho \u00d3xido<\/a><\/h3><\/div><\/div>\t\t<\/div>\n\t\t\t\t<\/div>\n\t\t\t\t<div class=\"elementor-element elementor-element-f4599a7 elementor-position-top elementor-vertical-align-top elementor-widget elementor-widget-image-box\" data-id=\"f4599a7\" data-element_type=\"widget\" data-widget_type=\"image-box.default\">\n\t\t\t\t<div class=\"elementor-widget-container\">\n\t\t\t<div class=\"elementor-image-box-wrapper\"><figure class=\"elementor-image-box-img\"><a href=\"https:\/\/www.adex.com.br\/site\/redutor\/\"><img loading=\"lazy\" decoding=\"async\" width=\"278\" height=\"300\" src=\"https:\/\/www.adex.com.br\/site\/wp-content\/uploads\/2022\/07\/produto_imagem-535x577-1-278x300.png\" class=\"elementor-animation-pulse attachment-medium size-medium\" alt=\"Tintas industriais adex\" style=\"width:100%;height:107.85%;max-width:535px\" \/><\/a><\/figure><div class=\"elementor-image-box-content\"><h3 class=\"elementor-image-box-title\"><a href=\"https:\/\/www.adex.com.br\/site\/redutor\/\">Redutor<\/a><\/h3><\/div><\/div>\t\t<\/div>\n\t\t\t\t<\/div>\n\t\t\t\t<div class=\"elementor-element elementor-element-b5602ed elementor-position-top elementor-vertical-align-top elementor-widget elementor-widget-image-box\" data-id=\"b5602ed\" data-element_type=\"widget\" data-widget_type=\"image-box.default\">\n\t\t\t\t<div class=\"elementor-widget-container\">\n\t\t\t<div class=\"elementor-image-box-wrapper\"><figure class=\"elementor-image-box-img\"><a href=\"https:\/\/www.adex.com.br\/site\/thinner-limpeza\/\"><img loading=\"lazy\" decoding=\"async\" width=\"278\" height=\"300\" src=\"https:\/\/www.adex.com.br\/site\/wp-content\/uploads\/2022\/07\/produto_imagem-535x577-1-278x300.png\" class=\"elementor-animation-pulse attachment-medium size-medium\" alt=\"Tintas industriais adex\" style=\"width:100%;height:107.85%;max-width:535px\" \/><\/a><\/figure><div class=\"elementor-image-box-content\"><h3 class=\"elementor-image-box-title\"><a href=\"https:\/\/www.adex.com.br\/site\/thinner-limpeza\/\">Thinner Limpeza<\/a><\/h3><\/div><\/div>\t\t<\/div>\n\t\t\t\t<\/div>\n\t\t\t\t<div class=\"elementor-element elementor-element-e4234ba elementor-position-top elementor-vertical-align-top elementor-widget elementor-widget-image-box\" data-id=\"e4234ba\" data-element_type=\"widget\" data-widget_type=\"image-box.default\">\n\t\t\t\t<div class=\"elementor-widget-container\">\n\t\t\t<div class=\"elementor-image-box-wrapper\"><figure class=\"elementor-image-box-img\"><a href=\"https:\/\/www.adex.com.br\/site\/verniz-sintetico\/\"><img loading=\"lazy\" decoding=\"async\" width=\"278\" height=\"300\" src=\"https:\/\/www.adex.com.br\/site\/wp-content\/uploads\/2022\/07\/produto_imagem-535x577-1-278x300.png\" class=\"elementor-animation-pulse attachment-medium size-medium\" alt=\"Tintas industriais adex\" style=\"width:100%;height:107.85%;max-width:535px\" \/><\/a><\/figure><div class=\"elementor-image-box-content\"><h3 class=\"elementor-image-box-title\"><a href=\"https:\/\/www.adex.com.br\/site\/verniz-sintetico\/\">Verniz Sint\u00e9tico<\/a><\/h3><\/div><\/div>\t\t<\/div>\n\t\t\t\t<\/div>\n\t\t<\/div><\/div><\/div>\t\t\t\t\t<\/div>\n\t\t","protected":false},"excerpt":{"rendered":"<p>Linha Sint\u00e9tico Segmentos Acabamento Sint\u00e9tico Dupla Fun\u00e7\u00e3o Acabamento Sint\u00e9tico Diluentes Primer Cromato de ZincoVermelho \u00d3xido Redutor Thinner Limpeza Verniz Sint\u00e9tico<\/p>\n","protected":false},"author":1,"featured_media":0,"parent":0,"menu_order":0,"comment_status":"closed","ping_status":"closed","template":"elementor_header_footer","meta":{"footnotes":""},"class_list":["post-502","page","type-page","status-publish","hentry","entry"],"_links":{"self":[{"href":"https:\/\/www.adex.com.br\/site\/wp-json\/wp\/v2\/pages\/502","targetHints":{"allow":["GET"]}}],"collection":[{"href":"https:\/\/www.adex.com.br\/site\/wp-json\/wp\/v2\/pages"}],"about":[{"href":"https:\/\/www.adex.com.br\/site\/wp-json\/wp\/v2\/types\/page"}],"author":[{"embeddable":true,"href":"https:\/\/www.adex.com.br\/site\/wp-json\/wp\/v2\/users\/1"}],"replies":[{"embeddable":true,"href":"https:\/\/www.adex.com.br\/site\/wp-json\/wp\/v2\/comments?post=502"}],"version-history":[{"count":13,"href":"https:\/\/www.adex.com.br\/site\/wp-json\/wp\/v2\/pages\/502\/revisions"}],"predecessor-version":[{"id":786,"href":"https:\/\/www.adex.com.br\/site\/wp-json\/wp\/v2\/pages\/502\/revisions\/786"}],"wp:attachment":[{"href":"https:\/\/www.adex.com.br\/site\/wp-json\/wp\/v2\/media?parent=502"}],"curies":[{"name":"wp","href":"https:\/\/api.w.org\/{rel}","templated":true}]}}