{"id":148,"date":"2022-07-22T13:49:04","date_gmt":"2022-07-22T16:49:04","guid":{"rendered":"https:\/\/www.adex.com.br\/site\/?page_id=148"},"modified":"2024-03-26T16:31:23","modified_gmt":"2024-03-26T19:31:23","slug":"adex","status":"publish","type":"page","link":"https:\/\/www.adex.com.br\/site\/adex\/","title":{"rendered":"adex"},"content":{"rendered":"\t\t<div data-elementor-type=\"wp-page\" data-elementor-id=\"148\" class=\"elementor elementor-148\">\n\t\t\t\t\t\t\t<div class=\"elementor-element elementor-element-fc339cd e-container--column e-container\" data-id=\"fc339cd\" data-element_type=\"container\" data-settings=\"{&quot;background_background&quot;:&quot;classic&quot;}\">\t\t<\/div><div class=\"elementor-element elementor-element-159fea5 e-container--row e-container\" data-id=\"159fea5\" data-element_type=\"container\">\t\t<div class=\"elementor-element elementor-element-e68adb6 e-container--column e-container\" data-id=\"e68adb6\" data-element_type=\"container\">\t\t\t\t<div class=\"elementor-element elementor-element-36ae153 elementor-widget elementor-widget-heading\" data-id=\"36ae153\" data-element_type=\"widget\" data-widget_type=\"heading.default\">\n\t\t\t\t<div class=\"elementor-widget-container\">\n\t\t\t<style>\/*! elementor - v3.7.1 - 14-08-2022 *\/\n.elementor-heading-title{padding:0;margin:0;line-height:1}.elementor-widget-heading .elementor-heading-title[class*=elementor-size-]>a{color:inherit;font-size:inherit;line-height:inherit}.elementor-widget-heading .elementor-heading-title.elementor-size-small{font-size:15px}.elementor-widget-heading .elementor-heading-title.elementor-size-medium{font-size:19px}.elementor-widget-heading .elementor-heading-title.elementor-size-large{font-size:29px}.elementor-widget-heading .elementor-heading-title.elementor-size-xl{font-size:39px}.elementor-widget-heading .elementor-heading-title.elementor-size-xxl{font-size:59px}<\/style><h2 class=\"elementor-heading-title elementor-size-default\">TRADI\u00c7\u00c3O<br> E QUALIDADE<\/h2>\t\t<\/div>\n\t\t\t\t<\/div>\n\t\t\t\t<div class=\"elementor-element elementor-element-b0a966f elementor-widget elementor-widget-image\" data-id=\"b0a966f\" data-element_type=\"widget\" data-widget_type=\"image.default\">\n\t\t\t\t<div class=\"elementor-widget-container\">\n\t\t\t<style>\/*! elementor - v3.7.1 - 14-08-2022 *\/\n.elementor-widget-image{text-align:center}.elementor-widget-image a{display:inline-block}.elementor-widget-image a img[src$=\".svg\"]{width:48px}.elementor-widget-image img{vertical-align:middle;display:inline-block}<\/style>\t\t\t\t\t\t\t\t\t\t\t\t<img loading=\"lazy\" decoding=\"async\" width=\"49\" height=\"3\" src=\"https:\/\/www.adex.com.br\/site\/wp-content\/uploads\/2022\/07\/traco-laranja.jpg\" class=\"attachment-large size-large\" alt=\"\" style=\"width:100%;height:6.12%;max-width:49px\" \/>\t\t\t\t\t\t\t\t\t\t\t\t\t\t\t<\/div>\n\t\t\t\t<\/div>\n\t\t\t\t<div class=\"elementor-element elementor-element-026a53c elementor-widget elementor-widget-text-editor\" data-id=\"026a53c\" data-element_type=\"widget\" data-widget_type=\"text-editor.default\">\n\t\t\t\t<div class=\"elementor-widget-container\">\n\t\t\t<style>\/*! elementor - v3.7.1 - 14-08-2022 *\/\n.elementor-widget-text-editor.elementor-drop-cap-view-stacked .elementor-drop-cap{background-color:#818a91;color:#fff}.elementor-widget-text-editor.elementor-drop-cap-view-framed .elementor-drop-cap{color:#818a91;border:3px solid;background-color:transparent}.elementor-widget-text-editor:not(.elementor-drop-cap-view-default) .elementor-drop-cap{margin-top:8px}.elementor-widget-text-editor:not(.elementor-drop-cap-view-default) .elementor-drop-cap-letter{width:1em;height:1em}.elementor-widget-text-editor .elementor-drop-cap{float:left;text-align:center;line-height:1;font-size:50px}.elementor-widget-text-editor .elementor-drop-cap-letter{display:inline-block}<\/style>\t\t\t\t<p>Iniciando as opera\u00e7\u00f5es no Polo Moveleiro de Arapongas, no ano de 2003, A ADEX conta com toda a experi\u00eancia, capacidade e compet\u00eancia para produzir e fornecer Lacas, Esmaltes, Diluentes, Thinners e produtos da linha de cura por radia\u00e7\u00e3o ultravioleta \u2013 UV.<\/p>\t\t\t\t\t\t<\/div>\n\t\t\t\t<\/div>\n\t\t\t\t<div class=\"elementor-element elementor-element-5ed2348 elementor-widget elementor-widget-heading\" data-id=\"5ed2348\" data-element_type=\"widget\" data-widget_type=\"heading.default\">\n\t\t\t\t<div class=\"elementor-widget-container\">\n\t\t\t<h2 class=\"elementor-heading-title elementor-size-default\">MISS\u00c3O<\/h2>\t\t<\/div>\n\t\t\t\t<\/div>\n\t\t\t\t<div class=\"elementor-element elementor-element-22a0969 elementor-widget elementor-widget-text-editor\" data-id=\"22a0969\" data-element_type=\"widget\" data-widget_type=\"text-editor.default\">\n\t\t\t\t<div class=\"elementor-widget-container\">\n\t\t\t\t\t\t\t<p>Temos como miss\u00e3o fornecer produtos de qualidade, atendendo as necessidades dos nossos clientes. Atuando de forma segura, respons\u00e1vel e rent\u00e1vel. Al\u00e9m de proporcionar prote\u00e7\u00e3o e embelezamento nos diversos tipos de substratos, superando expectativas.<\/p>\t\t\t\t\t\t<\/div>\n\t\t\t\t<\/div>\n\t\t\t\t<div class=\"elementor-element elementor-element-c9690b3 elementor-widget elementor-widget-heading\" data-id=\"c9690b3\" data-element_type=\"widget\" data-widget_type=\"heading.default\">\n\t\t\t\t<div class=\"elementor-widget-container\">\n\t\t\t<h2 class=\"elementor-heading-title elementor-size-default\">VIS\u00c3O<\/h2>\t\t<\/div>\n\t\t\t\t<\/div>\n\t\t\t\t<div class=\"elementor-element elementor-element-7bfaf6a elementor-widget elementor-widget-text-editor\" data-id=\"7bfaf6a\" data-element_type=\"widget\" data-widget_type=\"text-editor.default\">\n\t\t\t\t<div class=\"elementor-widget-container\">\n\t\t\t\t\t\t\t<p>Ser uma empresa competitiva, superando a cada dia, de forma a ser reconhecida pela excel\u00eancia e pelo compromisso com o bem estar do cliente e de seus colaboradores, onde seguran\u00e7a, \u00e9tica, respeito, honestidade e dedica\u00e7\u00e3o s\u00e3o inegoci\u00e1veis.<\/p>\t\t\t\t\t\t<\/div>\n\t\t\t\t<\/div>\n\t\t\t\t<div class=\"elementor-element elementor-element-5a753a3 elementor-widget elementor-widget-heading\" data-id=\"5a753a3\" data-element_type=\"widget\" data-widget_type=\"heading.default\">\n\t\t\t\t<div class=\"elementor-widget-container\">\n\t\t\t<h2 class=\"elementor-heading-title elementor-size-default\">VALORES<\/h2>\t\t<\/div>\n\t\t\t\t<\/div>\n\t\t\t\t<div class=\"elementor-element elementor-element-02b3aa2 elementor-widget elementor-widget-text-editor\" data-id=\"02b3aa2\" data-element_type=\"widget\" data-widget_type=\"text-editor.default\">\n\t\t\t\t<div class=\"elementor-widget-container\">\n\t\t\t\t\t\t\t<p>Busca cont\u00ednua por inova\u00e7\u00e3o, melhoria de processos, melhoria cont\u00ednua ao n\u00edvel do conhecimento, da satisfa\u00e7\u00e3o e efici\u00eancia dos nossos produtos e servi\u00e7os, com \u00e9tica, transpar\u00eancia, dedica\u00e7\u00e3o, respeito aos nossos clientes e colaboradores, para alcan\u00e7ar o reconhecimento pela sociedade, clientes e\u00a0colaboradores.<\/p>\t\t\t\t\t\t<\/div>\n\t\t\t\t<\/div>\n\t\t<\/div><div class=\"elementor-element elementor-element-f8a2021 e-container--column e-container\" data-id=\"f8a2021\" data-element_type=\"container\">\t\t\t\t<div class=\"elementor-element elementor-element-d5827a6 elementor-widget elementor-widget-image\" data-id=\"d5827a6\" data-element_type=\"widget\" data-widget_type=\"image.default\">\n\t\t\t\t<div class=\"elementor-widget-container\">\n\t\t\t\t\t\t\t\t\t\t\t\t\t\t\t<img loading=\"lazy\" decoding=\"async\" width=\"714\" height=\"701\" src=\"https:\/\/www.adex.com.br\/site\/wp-content\/uploads\/2024\/03\/empresa.jpg\" class=\"attachment-large size-large\" alt=\"\" srcset=\"https:\/\/www.adex.com.br\/site\/wp-content\/uploads\/2024\/03\/empresa.jpg 714w, https:\/\/www.adex.com.br\/site\/wp-content\/uploads\/2024\/03\/empresa-300x295.jpg 300w\" sizes=\"auto, (max-width: 714px) 100vw, 714px\" style=\"width:100%;height:98.18%;max-width:714px\" \/>\t\t\t\t\t\t\t\t\t\t\t\t\t\t\t<\/div>\n\t\t\t\t<\/div>\n\t\t<\/div><\/div><div class=\"elementor-element elementor-element-398a6dd e-container--row e-container\" data-id=\"398a6dd\" data-element_type=\"container\">\t\t<div class=\"elementor-element elementor-element-a4e365f e-container--column e-container\" data-id=\"a4e365f\" data-element_type=\"container\">\t\t\t\t<div class=\"elementor-element elementor-element-305b45c elementor-widget elementor-widget-image\" data-id=\"305b45c\" data-element_type=\"widget\" data-widget_type=\"image.default\">\n\t\t\t\t<div class=\"elementor-widget-container\">\n\t\t\t\t\t\t\t\t\t\t\t\t\t\t\t<img loading=\"lazy\" decoding=\"async\" width=\"750\" height=\"669\" src=\"https:\/\/www.adex.com.br\/site\/wp-content\/uploads\/2024\/03\/lab-2-1024x914.jpg\" class=\"attachment-large size-large\" alt=\"\" srcset=\"https:\/\/www.adex.com.br\/site\/wp-content\/uploads\/2024\/03\/lab-2-1024x914.jpg 1024w, https:\/\/www.adex.com.br\/site\/wp-content\/uploads\/2024\/03\/lab-2-300x268.jpg 300w, https:\/\/www.adex.com.br\/site\/wp-content\/uploads\/2024\/03\/lab-2-768x685.jpg 768w, https:\/\/www.adex.com.br\/site\/wp-content\/uploads\/2024\/03\/lab-2-1536x1371.jpg 1536w, https:\/\/www.adex.com.br\/site\/wp-content\/uploads\/2024\/03\/lab-2-1568x1399.jpg 1568w, https:\/\/www.adex.com.br\/site\/wp-content\/uploads\/2024\/03\/lab-2.jpg 1600w\" sizes=\"auto, (max-width: 750px) 100vw, 750px\" style=\"width:100%;height:89.25%;max-width:1600px\" \/>\t\t\t\t\t\t\t\t\t\t\t\t\t\t\t<\/div>\n\t\t\t\t<\/div>\n\t\t<\/div><div class=\"elementor-element elementor-element-33c8f55 e-container--column e-container\" data-id=\"33c8f55\" data-element_type=\"container\">\t\t\t\t<div class=\"elementor-element elementor-element-9ccccbc elementor-widget elementor-widget-heading\" data-id=\"9ccccbc\" data-element_type=\"widget\" data-widget_type=\"heading.default\">\n\t\t\t\t<div class=\"elementor-widget-container\">\n\t\t\t<h2 class=\"elementor-heading-title elementor-size-default\">LABORAT\u00d3RIOS MODERNOS<br> E ATUALIZADOS<\/h2>\t\t<\/div>\n\t\t\t\t<\/div>\n\t\t\t\t<div class=\"elementor-element elementor-element-ca4da2a elementor-widget elementor-widget-image\" data-id=\"ca4da2a\" data-element_type=\"widget\" data-widget_type=\"image.default\">\n\t\t\t\t<div class=\"elementor-widget-container\">\n\t\t\t\t\t\t\t\t\t\t\t\t\t\t\t<img loading=\"lazy\" decoding=\"async\" width=\"49\" height=\"3\" src=\"https:\/\/www.adex.com.br\/site\/wp-content\/uploads\/2022\/07\/traco-laranja.jpg\" class=\"attachment-large size-large\" alt=\"\" style=\"width:100%;height:6.12%;max-width:49px\" \/>\t\t\t\t\t\t\t\t\t\t\t\t\t\t\t<\/div>\n\t\t\t\t<\/div>\n\t\t\t\t<div class=\"elementor-element elementor-element-b94c674 elementor-widget elementor-widget-text-editor\" data-id=\"b94c674\" data-element_type=\"widget\" data-widget_type=\"text-editor.default\">\n\t\t\t\t<div class=\"elementor-widget-container\">\n\t\t\t\t\t\t\t<p>A ADEX disp\u00f5e de um laborat\u00f3rio de aplica\u00e7\u00e3o que objetiva disponibilizar a todos os clientes equipamentos de alta tecnologia, entre os quais figuram: Linhas com Rolos de Primer, Impress\u00e3o, Rolos laser, Pr\u00e9-laser, al\u00e9m da linha tripla, forno UV com l\u00e2mpadas de G\u00e1lio e Merc\u00fario que lhe proporcionam a cura, para que possamos testar todos os produtos desenvolvidos em nossos laborat\u00f3rios com qualidade garantida.<br \/><br \/><\/p><p>As tintas e vernizes ADEX s\u00e3o vistas com os melhores olhos. O processo de produ\u00e7\u00e3o \u00e9 realizado para assegurar a qualidade e a prontid\u00e3o que o cliente espera. Conhe\u00e7a os produtos ADEX e entenda melhor por que eles ganham cada vez mais e mais mercados.<\/p>\t\t\t\t\t\t<\/div>\n\t\t\t\t<\/div>\n\t\t<\/div><\/div><div class=\"elementor-element elementor-element-1365d5e e-container--row e-container\" data-id=\"1365d5e\" data-element_type=\"container\">\t\t<div class=\"elementor-element elementor-element-92bc2fa e-container--column e-container\" data-id=\"92bc2fa\" data-element_type=\"container\">\t\t\t\t<div class=\"elementor-element elementor-element-76f3084 elementor-widget elementor-widget-heading\" data-id=\"76f3084\" data-element_type=\"widget\" data-widget_type=\"heading.default\">\n\t\t\t\t<div class=\"elementor-widget-container\">\n\t\t\t<h2 class=\"elementor-heading-title elementor-size-default\">TECNOLOGIA DE PONTA NO<br>SETOR DE TINTAS<\/h2>\t\t<\/div>\n\t\t\t\t<\/div>\n\t\t\t\t<div class=\"elementor-element elementor-element-97aba88 elementor-widget elementor-widget-image\" data-id=\"97aba88\" data-element_type=\"widget\" data-widget_type=\"image.default\">\n\t\t\t\t<div class=\"elementor-widget-container\">\n\t\t\t\t\t\t\t\t\t\t\t\t\t\t\t<img loading=\"lazy\" decoding=\"async\" width=\"49\" height=\"3\" src=\"https:\/\/www.adex.com.br\/site\/wp-content\/uploads\/2022\/07\/traco-laranja.jpg\" class=\"attachment-large size-large\" alt=\"\" style=\"width:100%;height:6.12%;max-width:49px\" \/>\t\t\t\t\t\t\t\t\t\t\t\t\t\t\t<\/div>\n\t\t\t\t<\/div>\n\t\t\t\t<div class=\"elementor-element elementor-element-f2b722e elementor-widget elementor-widget-text-editor\" data-id=\"f2b722e\" data-element_type=\"widget\" data-widget_type=\"text-editor.default\">\n\t\t\t\t<div class=\"elementor-widget-container\">\n\t\t\t\t\t\t\t<p>A ADEX possui uma linha completa de alta performance j\u00e1 reconhecida pelo excelente resultado em tintas industriais, como: Ultravioleta (incluindo vernizes resistentes a riscos\/alto relevo\/sincronizado), Nitrocelulose, Poliuret\u00e2nica, Texturizada, Linha de Sint\u00e9ticos, Thinners e Diluentes.<br \/><br \/><\/p><p>Al\u00e9m da F\u00e1brica de Tintas, a ADEX produz o principal ve\u00edculo dos seus produtos na unidade pr\u00f3pria da Usina de Resinas, o que proporciona um diferencial ao produto final, dispondo ainda de laborat\u00f3rios modernos e atualizados para controle e garantia da qualidade das mat\u00e9rias-primas e dos produtos acabados que, juntamente com fornecedores selecionados, oferecem solu\u00e7\u00f5es que v\u00e3o desde a formula\u00e7\u00e3o at\u00e9 o desenvolvimento final de novos produtos. Em constante inova\u00e7\u00e3o, consegue atender as expectativas dos clientes Adex, mantendo um relacionamento duradouro e de sucesso.<\/p>\t\t\t\t\t\t<\/div>\n\t\t\t\t<\/div>\n\t\t<\/div><div class=\"elementor-element elementor-element-b9ed967 e-container--column e-container\" data-id=\"b9ed967\" data-element_type=\"container\">\t\t\t\t<div class=\"elementor-element elementor-element-0baace6 elementor-widget elementor-widget-image\" data-id=\"0baace6\" data-element_type=\"widget\" data-widget_type=\"image.default\">\n\t\t\t\t<div class=\"elementor-widget-container\">\n\t\t\t\t\t\t\t\t\t\t\t\t\t\t\t<img loading=\"lazy\" decoding=\"async\" width=\"665\" height=\"578\" src=\"https:\/\/www.adex.com.br\/site\/wp-content\/uploads\/2024\/03\/foto-maquina.jpg\" class=\"attachment-large size-large\" alt=\"\" srcset=\"https:\/\/www.adex.com.br\/site\/wp-content\/uploads\/2024\/03\/foto-maquina.jpg 665w, https:\/\/www.adex.com.br\/site\/wp-content\/uploads\/2024\/03\/foto-maquina-300x261.jpg 300w\" sizes=\"auto, (max-width: 665px) 100vw, 665px\" style=\"width:100%;height:86.92%;max-width:665px\" \/>\t\t\t\t\t\t\t\t\t\t\t\t\t\t\t<\/div>\n\t\t\t\t<\/div>\n\t\t<\/div><\/div><div class=\"elementor-element elementor-element-377a91d e-container--row e-container\" data-id=\"377a91d\" data-element_type=\"container\">\t\t<div class=\"elementor-element elementor-element-eac299e e-container--column e-container\" data-id=\"eac299e\" data-element_type=\"container\">\t\t\t\t<div class=\"elementor-element elementor-element-a4d41d6 elementor-widget elementor-widget-image\" data-id=\"a4d41d6\" data-element_type=\"widget\" data-widget_type=\"image.default\">\n\t\t\t\t<div class=\"elementor-widget-container\">\n\t\t\t\t\t\t\t\t\t\t\t\t\t\t\t<img loading=\"lazy\" decoding=\"async\" width=\"750\" height=\"565\" src=\"https:\/\/www.adex.com.br\/site\/wp-content\/uploads\/2022\/07\/cliente.jpg\" class=\"attachment-large size-large\" alt=\"\" srcset=\"https:\/\/www.adex.com.br\/site\/wp-content\/uploads\/2022\/07\/cliente.jpg 1000w, https:\/\/www.adex.com.br\/site\/wp-content\/uploads\/2022\/07\/cliente-600x452.jpg 600w, https:\/\/www.adex.com.br\/site\/wp-content\/uploads\/2022\/07\/cliente-300x226.jpg 300w, https:\/\/www.adex.com.br\/site\/wp-content\/uploads\/2022\/07\/cliente-768x578.jpg 768w\" sizes=\"auto, (max-width: 750px) 100vw, 750px\" style=\"width:100%;height:75.3%;max-width:1000px\" \/>\t\t\t\t\t\t\t\t\t\t\t\t\t\t\t<\/div>\n\t\t\t\t<\/div>\n\t\t<\/div><div class=\"elementor-element elementor-element-335f93d e-container--column e-container\" data-id=\"335f93d\" data-element_type=\"container\">\t\t\t\t<div class=\"elementor-element elementor-element-4348f6e elementor-widget elementor-widget-heading\" data-id=\"4348f6e\" data-element_type=\"widget\" data-widget_type=\"heading.default\">\n\t\t\t\t<div class=\"elementor-widget-container\">\n\t\t\t<h2 class=\"elementor-heading-title elementor-size-default\">MAIS DE 8.000 m\u00b2 DE \u00c1REA<br> CONSTRU\u00cdDA<\/h2>\t\t<\/div>\n\t\t\t\t<\/div>\n\t\t\t\t<div class=\"elementor-element elementor-element-165418b elementor-widget elementor-widget-image\" data-id=\"165418b\" data-element_type=\"widget\" data-widget_type=\"image.default\">\n\t\t\t\t<div class=\"elementor-widget-container\">\n\t\t\t\t\t\t\t\t\t\t\t\t\t\t\t<img loading=\"lazy\" decoding=\"async\" width=\"49\" height=\"3\" src=\"https:\/\/www.adex.com.br\/site\/wp-content\/uploads\/2022\/07\/traco-laranja.jpg\" class=\"attachment-large size-large\" alt=\"\" style=\"width:100%;height:6.12%;max-width:49px\" \/>\t\t\t\t\t\t\t\t\t\t\t\t\t\t\t<\/div>\n\t\t\t\t<\/div>\n\t\t\t\t<div class=\"elementor-element elementor-element-f8f5fc6 elementor-widget elementor-widget-text-editor\" data-id=\"f8f5fc6\" data-element_type=\"widget\" data-widget_type=\"text-editor.default\">\n\t\t\t\t<div class=\"elementor-widget-container\">\n\t\t\t\t\t\t\tA infraestrutura da ADEX foi totalmente planejada com seu layout em cima das necessidades, desde barrac\u00f5es de produ\u00e7\u00e3o, escrit\u00f3rios, laborat\u00f3rios, refeit\u00f3rio para nossos colaboradores, al\u00e9m de outros projetos j\u00e1 em andamento, para que possamos ainda mais assegurar a qualidade de nossas linhas.<br><br>\n\nCada processo do desenvolvimento dos produtos \u00e9 precisamente acompanhado por profissionais qualificados, para se obter a satisfa\u00e7\u00e3o de nossos clientes. Buscamos sempre suprir a sua necessidade adequando testes individualizados para cada produto desenvolvido.\t\t\t\t\t\t<\/div>\n\t\t\t\t<\/div>\n\t\t<\/div><\/div>\t\t\t\t\t<\/div>\n\t\t","protected":false},"excerpt":{"rendered":"<p>TRADI\u00c7\u00c3O E QUALIDADE Iniciando as opera\u00e7\u00f5es no Polo Moveleiro de Arapongas, no ano de 2003, A ADEX conta com toda a experi\u00eancia, capacidade e compet\u00eancia para produzir e fornecer Lacas, Esmaltes, Diluentes, Thinners e produtos da linha de cura por radia\u00e7\u00e3o ultravioleta \u2013 UV. MISS\u00c3O Temos como miss\u00e3o fornecer produtos de qualidade, atendendo as necessidades&hellip; <a class=\"more-link\" href=\"https:\/\/www.adex.com.br\/site\/adex\/\">Continuar lendo <span class=\"screen-reader-text\">adex<\/span><\/a><\/p>\n","protected":false},"author":1,"featured_media":0,"parent":0,"menu_order":0,"comment_status":"closed","ping_status":"closed","template":"elementor_header_footer","meta":{"footnotes":""},"class_list":["post-148","page","type-page","status-publish","hentry","entry"],"_links":{"self":[{"href":"https:\/\/www.adex.com.br\/site\/wp-json\/wp\/v2\/pages\/148","targetHints":{"allow":["GET"]}}],"collection":[{"href":"https:\/\/www.adex.com.br\/site\/wp-json\/wp\/v2\/pages"}],"about":[{"href":"https:\/\/www.adex.com.br\/site\/wp-json\/wp\/v2\/types\/page"}],"author":[{"embeddable":true,"href":"https:\/\/www.adex.com.br\/site\/wp-json\/wp\/v2\/users\/1"}],"replies":[{"embeddable":true,"href":"https:\/\/www.adex.com.br\/site\/wp-json\/wp\/v2\/comments?post=148"}],"version-history":[{"count":58,"href":"https:\/\/www.adex.com.br\/site\/wp-json\/wp\/v2\/pages\/148\/revisions"}],"predecessor-version":[{"id":1086,"href":"https:\/\/www.adex.com.br\/site\/wp-json\/wp\/v2\/pages\/148\/revisions\/1086"}],"wp:attachment":[{"href":"https:\/\/www.adex.com.br\/site\/wp-json\/wp\/v2\/media?parent=148"}],"curies":[{"name":"wp","href":"https:\/\/api.w.org\/{rel}","templated":true}]}}